{"id":4775,"date":"2021-02-12T12:58:45","date_gmt":"2021-02-12T12:58:45","guid":{"rendered":"http:\/\/pre.ceramicaterracuita.com\/productos\/lenguas-mallorquinas-2\/"},"modified":"2021-04-22T12:53:13","modified_gmt":"2021-04-22T12:53:13","slug":"lenguas-mallorquinas","status":"publish","type":"product","link":"https:\/\/pre.ceramicaterracuita.com\/en\/productos\/lenguas-mallorquinas\/","title":{"rendered":"Lleng\u00fces mallorquines"},"content":{"rendered":"<div class=\"bt_bb_wrapper\"><section id=\"bt_bb_section69d75657361e8\"  class=\"bt_bb_section bt_bb_top_spacing_extra_small bt_bb_bottom_spacing_extra_small bt_bb_layout_wide bt_bb_full_screen bt_bb_vertical_align_top graellaproduct\" style=\";background-color:#ffffff;\"><div class=\"bt_bb_port\"><div class=\"bt_bb_cell\"><div class=\"bt_bb_cell_inner\"><div class=\"bt_bb_row_wrapper\"><div  class=\"bt_bb_row graella1 bt_bb_column_gap_0\" ><div  class=\"bt_bb_column col-xl-4 col-xs-12 col-sm-12 col-md-12 col-lg-4 bt_bb_align_center bt_bb_vertical_align_middle bt_bb_animation_fade_in animate bt_bb_padding_normal\" style=\"padding-left:0px;\" data-width=\"4\" data-bt-override-class=\"{&quot;bt_bb_align_&quot;:{&quot;current_class&quot;:&quot;bt_bb_align_center&quot;,&quot;xl&quot;:&quot;center&quot;}}\"><div class=\"bt_bb_column_content\"><div class=\"bt_bb_column_content_inner\"><div class=\"bt_bb_image imgproduct bt_bb_shape_square bt_bb_align_inherit bt_bb_hover_style_simple bt_bb_content_display_always bt_bb_content_align_middle\" style=\"padding-left:0px;\" data-bt-override-class=\"{&quot;bt_bb_align_&quot;:{&quot;current_class&quot;:&quot;bt_bb_align_inherit&quot;,&quot;xl&quot;:&quot;inherit&quot;}}\"><span><img width=\"590\" height=\"393\" src=\"https:\/\/pre.ceramicaterracuita.com\/wp-content\/uploads\/2021\/02\/llenguas_detalle4.jpg\" class=\"attachment-full size-full\" alt=\"https:\/\/pre.ceramicaterracuita.com\/wp-content\/uploads\/2021\/02\/llenguas_detalle4.jpg\" loading=\"lazy\" data-full_image_src=\"https:\/\/pre.ceramicaterracuita.com\/wp-content\/uploads\/2021\/02\/llenguas_detalle4.jpg\" title=\"llenguas_detalle4\" srcset=\"https:\/\/pre.ceramicaterracuita.com\/wp-content\/uploads\/2021\/02\/llenguas_detalle4.jpg 590w, https:\/\/pre.ceramicaterracuita.com\/wp-content\/uploads\/2021\/02\/llenguas_detalle4-320x213.jpg 320w\" sizes=\"(max-width: 590px) 100vw, 590px\" \/><\/span><\/div><\/div><\/div><\/div><div  class=\"bt_bb_column col-xl-4 col-xs-12 col-sm-12 col-md-12 col-lg-4 bt_bb_align_center bt_bb_vertical_align_middle bt_bb_animation_fade_in animate bt_bb_padding_normal\"  data-width=\"4\" data-bt-override-class=\"{}\"><div class=\"bt_bb_column_content\"><div class=\"bt_bb_column_content_inner\"><div class=\"bt_bb_image imgproduct bt_bb_shape_square bt_bb_align_inherit bt_bb_hover_style_simple bt_bb_content_display_always bt_bb_content_align_middle\" data-bt-override-class=\"{&quot;bt_bb_align_&quot;:{&quot;current_class&quot;:&quot;bt_bb_align_inherit&quot;,&quot;xl&quot;:&quot;inherit&quot;}}\"><span><img width=\"590\" height=\"393\" src=\"https:\/\/pre.ceramicaterracuita.com\/wp-content\/uploads\/2021\/02\/llenguas_detalle3.jpg\" class=\"attachment-full size-full\" alt=\"https:\/\/pre.ceramicaterracuita.com\/wp-content\/uploads\/2021\/02\/llenguas_detalle3.jpg\" loading=\"lazy\" data-full_image_src=\"https:\/\/pre.ceramicaterracuita.com\/wp-content\/uploads\/2021\/02\/llenguas_detalle3.jpg\" title=\"llenguas_detalle3\" srcset=\"https:\/\/pre.ceramicaterracuita.com\/wp-content\/uploads\/2021\/02\/llenguas_detalle3.jpg 590w, https:\/\/pre.ceramicaterracuita.com\/wp-content\/uploads\/2021\/02\/llenguas_detalle3-320x213.jpg 320w\" sizes=\"(max-width: 590px) 100vw, 590px\" \/><\/span><\/div><\/div><\/div><\/div><div  class=\"bt_bb_column col-xl-4 col-xs-12 col-sm-12 col-md-12 col-lg-4 bt_bb_align_center bt_bb_vertical_align_middle bt_bb_animation_fade_in animate bt_bb_padding_normal\"  data-width=\"4\" data-bt-override-class=\"{}\"><div class=\"bt_bb_column_content\"><div class=\"bt_bb_column_content_inner\"><div class=\"bt_bb_image imgproduct bt_bb_shape_square bt_bb_align_inherit bt_bb_hover_style_simple bt_bb_content_display_always bt_bb_content_align_middle\" data-bt-override-class=\"{&quot;bt_bb_align_&quot;:{&quot;current_class&quot;:&quot;bt_bb_align_inherit&quot;,&quot;xl&quot;:&quot;inherit&quot;}}\"><span><img width=\"590\" height=\"393\" src=\"https:\/\/pre.ceramicaterracuita.com\/wp-content\/uploads\/2021\/02\/llenguas_detalle2.jpg\" class=\"attachment-full size-full\" alt=\"https:\/\/pre.ceramicaterracuita.com\/wp-content\/uploads\/2021\/02\/llenguas_detalle2.jpg\" loading=\"lazy\" data-full_image_src=\"https:\/\/pre.ceramicaterracuita.com\/wp-content\/uploads\/2021\/02\/llenguas_detalle2.jpg\" title=\"llenguas_detalle2\" srcset=\"https:\/\/pre.ceramicaterracuita.com\/wp-content\/uploads\/2021\/02\/llenguas_detalle2.jpg 590w, https:\/\/pre.ceramicaterracuita.com\/wp-content\/uploads\/2021\/02\/llenguas_detalle2-320x213.jpg 320w\" sizes=\"(max-width: 590px) 100vw, 590px\" \/><\/span><\/div><\/div><\/div><\/div><\/div><\/div><div class=\"bt_bb_row_wrapper\"><div  class=\"bt_bb_row graella1 bt_bb_column_gap_0\" ><div  class=\"bt_bb_column col-xl-4 col-xs-12 col-sm-12 col-md-12 col-lg-4 bt_bb_align_center bt_bb_vertical_align_middle bt_bb_animation_fade_in animate bt_bb_padding_normal\" style=\"padding-left:0px;\" data-width=\"4\" data-bt-override-class=\"{&quot;bt_bb_align_&quot;:{&quot;current_class&quot;:&quot;bt_bb_align_center&quot;,&quot;xl&quot;:&quot;center&quot;}}\"><div class=\"bt_bb_column_content\"><div class=\"bt_bb_column_content_inner\"><div class=\"bt_bb_image imgproduct bt_bb_shape_square bt_bb_align_inherit bt_bb_hover_style_simple bt_bb_content_display_always bt_bb_content_align_middle\" style=\"padding-left:0px;\" data-bt-override-class=\"{&quot;bt_bb_align_&quot;:{&quot;current_class&quot;:&quot;bt_bb_align_inherit&quot;,&quot;xl&quot;:&quot;inherit&quot;}}\"><span><img width=\"590\" height=\"393\" src=\"https:\/\/pre.ceramicaterracuita.com\/wp-content\/uploads\/2021\/02\/llenguas_detalle1.jpg\" class=\"attachment-full size-full\" alt=\"https:\/\/pre.ceramicaterracuita.com\/wp-content\/uploads\/2021\/02\/llenguas_detalle1.jpg\" loading=\"lazy\" data-full_image_src=\"https:\/\/pre.ceramicaterracuita.com\/wp-content\/uploads\/2021\/02\/llenguas_detalle1.jpg\" title=\"llenguas_detalle1\" srcset=\"https:\/\/pre.ceramicaterracuita.com\/wp-content\/uploads\/2021\/02\/llenguas_detalle1.jpg 590w, https:\/\/pre.ceramicaterracuita.com\/wp-content\/uploads\/2021\/02\/llenguas_detalle1-320x213.jpg 320w\" sizes=\"(max-width: 590px) 100vw, 590px\" \/><\/span><\/div><\/div><\/div><\/div><div  class=\"bt_bb_column col-xl-4 col-xs-12 col-sm-12 col-md-12 col-lg-4 bt_bb_align_center bt_bb_vertical_align_middle bt_bb_animation_fade_in animate bt_bb_padding_normal\"  data-width=\"4\" data-bt-override-class=\"{}\"><div class=\"bt_bb_column_content\"><div class=\"bt_bb_column_content_inner\"><div class=\"bt_bb_image imgproduct bt_bb_shape_square bt_bb_align_inherit bt_bb_hover_style_simple bt_bb_content_display_always bt_bb_content_align_middle\" data-bt-override-class=\"{&quot;bt_bb_align_&quot;:{&quot;current_class&quot;:&quot;bt_bb_align_inherit&quot;,&quot;xl&quot;:&quot;inherit&quot;}}\"><span><img width=\"590\" height=\"393\" src=\"https:\/\/pre.ceramicaterracuita.com\/wp-content\/uploads\/2021\/02\/llenguas_detalle5.jpg\" class=\"attachment-full size-full\" alt=\"https:\/\/pre.ceramicaterracuita.com\/wp-content\/uploads\/2021\/02\/llenguas_detalle5.jpg\" loading=\"lazy\" data-full_image_src=\"https:\/\/pre.ceramicaterracuita.com\/wp-content\/uploads\/2021\/02\/llenguas_detalle5.jpg\" title=\"llenguas_detalle5\" srcset=\"https:\/\/pre.ceramicaterracuita.com\/wp-content\/uploads\/2021\/02\/llenguas_detalle5.jpg 590w, https:\/\/pre.ceramicaterracuita.com\/wp-content\/uploads\/2021\/02\/llenguas_detalle5-320x213.jpg 320w\" sizes=\"(max-width: 590px) 100vw, 590px\" \/><\/span><\/div><\/div><\/div><\/div><div  class=\"bt_bb_column col-xl-4 col-xs-12 col-sm-12 col-md-12 col-lg-4 bt_bb_align_center bt_bb_vertical_align_middle bt_bb_animation_fade_in animate bt_bb_padding_normal\"  data-width=\"4\" data-bt-override-class=\"{}\"><div class=\"bt_bb_column_content\"><div class=\"bt_bb_column_content_inner\"><div class=\"bt_bb_image imgproduct bt_bb_shape_square bt_bb_align_inherit bt_bb_hover_style_simple bt_bb_content_display_always bt_bb_content_align_middle\" data-bt-override-class=\"{&quot;bt_bb_align_&quot;:{&quot;current_class&quot;:&quot;bt_bb_align_inherit&quot;,&quot;xl&quot;:&quot;inherit&quot;}}\"><span><img width=\"590\" height=\"393\" src=\"https:\/\/pre.ceramicaterracuita.com\/wp-content\/uploads\/2021\/02\/llenguas_detalle6.jpg\" class=\"attachment-full size-full\" alt=\"https:\/\/pre.ceramicaterracuita.com\/wp-content\/uploads\/2021\/02\/llenguas_detalle6.jpg\" loading=\"lazy\" data-full_image_src=\"https:\/\/pre.ceramicaterracuita.com\/wp-content\/uploads\/2021\/02\/llenguas_detalle6.jpg\" title=\"llenguas_detalle6\" srcset=\"https:\/\/pre.ceramicaterracuita.com\/wp-content\/uploads\/2021\/02\/llenguas_detalle6.jpg 590w, https:\/\/pre.ceramicaterracuita.com\/wp-content\/uploads\/2021\/02\/llenguas_detalle6-320x213.jpg 320w\" sizes=\"(max-width: 590px) 100vw, 590px\" \/><\/span><\/div><\/div><\/div><\/div><\/div><\/div><\/div><\/div><\/div><\/section><section id=\"bt_bb_section69d7565736b7f\"  class=\"bt_bb_section bt_bb_top_spacing_medium bt_bb_bottom_spacing_medium bt_bb_layout_wide bt_bb_vertical_align_top\" style=\";background-color:#fcf8f2;\"><div class=\"bt_bb_port\"><div class=\"bt_bb_cell\"><div class=\"bt_bb_cell_inner\"><div class=\"bt_bb_row_wrapper\"><div  class=\"bt_bb_row\" ><div  class=\"bt_bb_column col-xl-12 bt_bb_align_center bt_bb_vertical_align_top bt_bb_animation_fade_in animate bt_bb_padding_normal\"  data-width=\"12\" data-bt-override-class=\"{}\"><div class=\"bt_bb_column_content\"><div class=\"bt_bb_column_content_inner\"><header class=\"bt_bb_headline bt_bb_dash_none bt_bb_size_medium bt_bb_align_inherit\" data-bt-override-class=\"{&quot;bt_bb_size_&quot;:{&quot;current_class&quot;:&quot;bt_bb_size_medium&quot;,&quot;xl&quot;:&quot;medium&quot;},&quot;bt_bb_align_&quot;:{&quot;current_class&quot;:&quot;bt_bb_align_inherit&quot;,&quot;xl&quot;:&quot;inherit&quot;}}\"><h3 class=\"bt_bb_headline_tag\"><span class=\"bt_bb_headline_content\"><span>Nuestras Colecciones<\/span><\/span><\/h3><\/header><div class=\"bt_bb_separator bt_bb_bottom_spacing_normal bt_bb_border_style_none\"><\/div><\/div><\/div><\/div><\/div><\/div><div class=\"bt_bb_row_wrapper\"><div  class=\"bt_bb_row\" ><div  class=\"bt_bb_column col-xl-12 bt_bb_align_left bt_bb_vertical_align_top bt_bb_padding_normal\"  data-width=\"12\" data-bt-override-class=\"{}\"><div class=\"bt_bb_column_content\"><div class=\"bt_bb_column_content_inner\"><div class=\"bt_bb_content_slider bt_bb_gap_no_gap bt_bb_arrows_size_normal bt_bb_show_dots_bottom bt_bb_height_auto\"><div class=\"slick-slider\"  data-slick='{ \"lazyLoad\": \"progressive\", \"cssEase\": \"ease-out\", \"speed\": \"600\", \"prevArrow\": \"&lt;button type=\\\"button\\\" class=\\\"slick-prev\\\" aria-label=\\\"Previous\\\" tabindex=\\\"0\\\" role=\\\"button\\\"&gt;&lt;\/button&gt;\", \"nextArrow\": \"&lt;button type=\\\"button\\\" class=\\\"slick-next\\\" aria-label=\\\"Next\\\" tabindex=\\\"0\\\" role=\\\"button\\\"&gt;&lt;\/button&gt;\", \"adaptiveHeight\": true, \"dots\": true}' ><div class=\"bt_bb_content_slider_item\" style=\"\"><div class=\"bt_bb_content_slider_item_content content\"><div class=\"bt_bb_single_product woocommerce\"><div class=\"bt_bb_single_product_image\"><img src=\"https:\/\/pre.ceramicaterracuita.com\/wp-content\/uploads\/2021\/02\/coleccion2.png\" alt=\"Cer\u00e1mica de color o terracota tradicional\" title=\"Cer\u00e1mica de color o terracota tradicional\" ><\/div><div class=\"bt_bb_single_product_content\"><div class=\"bt_bb_single_product_title\">Cer\u00e1mica de color o terracota tradicional<\/div><div class=\"bt_bb_single_product_description\">Se dir\u00eda que es la versi\u00f3n tradicional mallorquina llevada a todo color. Hemos dado una nueva dimensi\u00f3n a la vajilla r\u00fastica de barro marr\u00f3n, dot\u00e1ndola de diferentes colores y alterando as\u00ed su uniformidad&#8230;<\/div><div class=\"bt_bb_single_product_price_cart\"><p class=\"product woocommerce add_to_cart_inline \" style=\"\"><a href=\"https:\/\/pre.ceramicaterracuita.com\/productos\/ceramica-de-color\/\" data-quantity=\"1\" class=\"button product_type_simple\" data-product_id=\"4481\" data-product_sku=\"\" aria-label=\"Read more about &ldquo;Cer\u00e1mica de color o terracota tradicional&rdquo;\" rel=\"nofollow\">Read more<\/a><\/p><\/div><\/div><\/div><div class=\"bt_bb_separator bt_bb_bottom_spacing_medium bt_bb_border_style_none\"><\/div><\/div><\/div><div class=\"bt_bb_content_slider_item\" style=\"\"><div class=\"bt_bb_content_slider_item_content content\"><div class=\"bt_bb_single_product woocommerce\"><div class=\"bt_bb_single_product_image\"><img src=\"https:\/\/pre.ceramicaterracuita.com\/wp-content\/uploads\/2021\/02\/00esquixat_col.png\" alt=\"Esquitxat, rallados, pincelados ...\u00a0\" title=\"Esquitxat, rallados, pincelados ...\u00a0\" ><\/div><div class=\"bt_bb_single_product_content\"><div class=\"bt_bb_single_product_title\">Esquitxat, rallados, pincelados &#8230;\u00a0<\/div><div class=\"bt_bb_single_product_description\">La cer\u00e1mica blanca permite muchos decorados. Aqu\u00ed nos recreamos pincelando, trazando lineas, circulos, ondas, salpicados\u2026. o simplemente bordeando de un color una pieza&#8230;<\/div><div class=\"bt_bb_single_product_price_cart\"><p class=\"product woocommerce add_to_cart_inline \" style=\"\"><a href=\"https:\/\/pre.ceramicaterracuita.com\/productos\/esquitxat-rallado-pincelado\/\" data-quantity=\"1\" class=\"button product_type_simple\" data-product_id=\"4477\" data-product_sku=\"\" aria-label=\"Read more about &ldquo;Esquitxat, rallados, pincelados ...\u00a0&rdquo;\" rel=\"nofollow\">Read more<\/a><\/p><\/div><\/div><\/div><div class=\"bt_bb_separator bt_bb_bottom_spacing_medium bt_bb_border_style_none\"><\/div><\/div><\/div><div class=\"bt_bb_content_slider_item\" style=\"\"><div class=\"bt_bb_content_slider_item_content content\"><div class=\"bt_bb_single_product woocommerce\"><div class=\"bt_bb_single_product_image\"><img src=\"https:\/\/pre.ceramicaterracuita.com\/wp-content\/uploads\/2021\/02\/00turques_col.png\" alt=\"Turquesa\" title=\"Turquesa\" ><\/div><div class=\"bt_bb_single_product_content\"><div class=\"bt_bb_single_product_title\">Turquesa<\/div><div class=\"bt_bb_single_product_description\">deal para los turquoise lovers. \u00c9sta colecci\u00f3n ha sido el producto estrella, durante los \u00faltimos a\u00f1os, para componer una vajilla. Recuerda a la aguas cristalinas de nuestra isla&#8230;<br \/>\r\n<\/div><div class=\"bt_bb_single_product_price_cart\"><p class=\"product woocommerce add_to_cart_inline \" style=\"\"><a href=\"https:\/\/pre.ceramicaterracuita.com\/productos\/turquesa\/\" data-quantity=\"1\" class=\"button product_type_simple\" data-product_id=\"3371\" data-product_sku=\"\" aria-label=\"Read more about &ldquo;Turquesa&rdquo;\" rel=\"nofollow\">Read more<\/a><\/p><\/div><\/div><\/div><div class=\"bt_bb_separator bt_bb_bottom_spacing_medium bt_bb_border_style_none\"><\/div><\/div><\/div><div class=\"bt_bb_content_slider_item\" style=\"\"><div class=\"bt_bb_content_slider_item_content content\"><div class=\"bt_bb_single_product woocommerce\"><div class=\"bt_bb_single_product_image\"><img width=\"800\" height=\"293\" src=\"https:\/\/pre.ceramicaterracuita.com\/wp-content\/uploads\/2021\/02\/gres_cabezera1600x750px-1-e1613476280214-800x293.jpg\" class=\"attachment-shop_catalog size-shop_catalog\" alt=\"\" loading=\"lazy\" srcset=\"https:\/\/pre.ceramicaterracuita.com\/wp-content\/uploads\/2021\/02\/gres_cabezera1600x750px-1-e1613476280214-800x293.jpg 800w, https:\/\/pre.ceramicaterracuita.com\/wp-content\/uploads\/2021\/02\/gres_cabezera1600x750px-1-e1613476280214-640x234.jpg 640w, https:\/\/pre.ceramicaterracuita.com\/wp-content\/uploads\/2021\/02\/gres_cabezera1600x750px-1-e1613476280214-1280x469.jpg 1280w, https:\/\/pre.ceramicaterracuita.com\/wp-content\/uploads\/2021\/02\/gres_cabezera1600x750px-1-e1613476280214-768x281.jpg 768w, https:\/\/pre.ceramicaterracuita.com\/wp-content\/uploads\/2021\/02\/gres_cabezera1600x750px-1-e1613476280214-1536x563.jpg 1536w, https:\/\/pre.ceramicaterracuita.com\/wp-content\/uploads\/2021\/02\/gres_cabezera1600x750px-1-e1613476280214-320x117.jpg 320w, https:\/\/pre.ceramicaterracuita.com\/wp-content\/uploads\/2021\/02\/gres_cabezera1600x750px-1-e1613476280214-1000x366.jpg 1000w, https:\/\/pre.ceramicaterracuita.com\/wp-content\/uploads\/2021\/02\/gres_cabezera1600x750px-1-e1613476280214.jpg 1600w\" sizes=\"(max-width: 800px) 100vw, 800px\" \/><\/div><div class=\"bt_bb_single_product_content\"><div class=\"bt_bb_single_product_title\">Gres<\/div><div class=\"bt_bb_single_product_description\">Nuestra vajilla de gres es un todo terreno en calidad y durabilidad. El gres se elabora con compuestos de arcilla natural cocida a alta temperatura y se colorea con esmaltes a base de pigmentos naturales&#8230;<\/div><div class=\"bt_bb_single_product_price_cart\"><p class=\"product woocommerce add_to_cart_inline \" style=\"\"><a href=\"https:\/\/pre.ceramicaterracuita.com\/productos\/gres\/\" data-quantity=\"1\" class=\"button product_type_simple\" data-product_id=\"4478\" data-product_sku=\"\" aria-label=\"Read more about &ldquo;Gres&rdquo;\" rel=\"nofollow\">Read more<\/a><\/p><\/div><\/div><\/div><div class=\"bt_bb_separator bt_bb_bottom_spacing_medium bt_bb_border_style_none\"><\/div><\/div><\/div><div class=\"bt_bb_content_slider_item\" style=\"\"><div class=\"bt_bb_content_slider_item_content content\"><div class=\"bt_bb_single_product woocommerce\"><div class=\"bt_bb_single_product_image\"><img src=\"https:\/\/pre.ceramicaterracuita.com\/wp-content\/uploads\/2021\/02\/coleccion4.png\" alt=\"Piezas especiales\" title=\"Piezas especiales\" ><\/div><div class=\"bt_bb_single_product_content\"><div class=\"bt_bb_single_product_title\">Piezas especiales<\/div><div class=\"bt_bb_single_product_description\">Aqu\u00ed es donde se aprecia m\u00e1s nuestro esp\u00edritu innovador. Ahora no s\u00f3lo tenemos cazuelas, como en nuestros inicios, sino tambi\u00e9n vajillas y otros art\u00edculos de cocina, ba\u00f1o y decoraci\u00f3n&#8230;<\/div><div class=\"bt_bb_single_product_price_cart\"><p class=\"product woocommerce add_to_cart_inline \" style=\"\"><a href=\"https:\/\/pre.ceramicaterracuita.com\/productos\/decoracion-tematica\/\" data-quantity=\"1\" class=\"button product_type_simple\" data-product_id=\"4476\" data-product_sku=\"\" aria-label=\"Read more about &ldquo;Piezas especiales&rdquo;\" rel=\"nofollow\">Read more<\/a><\/p><\/div><\/div><\/div><div class=\"bt_bb_separator bt_bb_bottom_spacing_medium bt_bb_border_style_none\"><\/div><\/div><\/div><\/div><\/div><\/div><\/div><\/div><\/div><\/div><\/div><\/div><\/div><\/section><\/div>","protected":false},"excerpt":{"rendered":"<p class=\"p1\"><span class=\"s1\">La colecci\u00f3n de\u00a0<\/span><em><span class=\"s2\">lleng\u00fces mallorquines<\/span><\/em><span class=\"s1\"> est\u00e1 inspirada en la Tradicional tela mallorquina o, la tambi\u00e9n llamada, \u201ctela de lenguas\u201d.\u00a0 Existe la creencia de que su origen es oriental por su similitud a la tela de ikat asi\u00e1tica. Mallorca era punto de parada de los nav\u00edos que realizaban las rutas comerciales entre Asia y Europa.<\/span><\/p>\n<p class=\"p1\"><span class=\"s1\">Formamos dibujos y formas geom\u00e9tricas simples y las pincelamos en varios colores: azul, rojo, turquesa, amarillo, morado, negro, gris y verde pistacho. Bajo encargo, podemos hacer, en otros colores, la pieza que desees.<\/span><\/p>\n","protected":false},"featured_media":4857,"comment_status":"closed","ping_status":"closed","template":"","meta":[],"_links":{"self":[{"href":"https:\/\/pre.ceramicaterracuita.com\/en\/wp-json\/wp\/v2\/product\/4775"}],"collection":[{"href":"https:\/\/pre.ceramicaterracuita.com\/en\/wp-json\/wp\/v2\/product"}],"about":[{"href":"https:\/\/pre.ceramicaterracuita.com\/en\/wp-json\/wp\/v2\/types\/product"}],"replies":[{"embeddable":true,"href":"https:\/\/pre.ceramicaterracuita.com\/en\/wp-json\/wp\/v2\/comments?post=4775"}],"wp:featuredmedia":[{"embeddable":true,"href":"https:\/\/pre.ceramicaterracuita.com\/en\/wp-json\/wp\/v2\/media\/4857"}],"wp:attachment":[{"href":"https:\/\/pre.ceramicaterracuita.com\/en\/wp-json\/wp\/v2\/media?parent=4775"}],"curies":[{"name":"wp","href":"https:\/\/api.w.org\/{rel}","templated":true}]}}