{"id":5072,"date":"2021-03-31T10:34:37","date_gmt":"2021-03-31T10:34:37","guid":{"rendered":"http:\/\/pre.ceramicaterracuita.com\/?post_type=product&#038;p=5072"},"modified":"2021-04-14T08:07:39","modified_gmt":"2021-04-14T08:07:39","slug":"regalos-artesania-decoracion-diversa","status":"publish","type":"product","link":"https:\/\/pre.ceramicaterracuita.com\/de\/productos\/regalos-artesania-decoracion-diversa\/","title":{"rendered":"Regalos,  Artesan\u00eda &#038; Decoraci\u00f3n diversa"},"content":{"rendered":"<div class=\"bt_bb_wrapper\"><section id=\"bt_bb_section69d756391bd9b\"  class=\"bt_bb_section bt_bb_top_spacing_extra_small bt_bb_bottom_spacing_extra_small bt_bb_layout_wide bt_bb_full_screen bt_bb_vertical_align_top graellaproduct\" style=\";background-color:#ffffff;\"><div class=\"bt_bb_port\"><div class=\"bt_bb_cell\"><div class=\"bt_bb_cell_inner\"><div class=\"bt_bb_row_wrapper\"><div  class=\"bt_bb_row graella1 bt_bb_column_gap_0\" ><div  class=\"bt_bb_column col-xl-4 col-xs-12 col-sm-12 col-md-12 col-lg-4 bt_bb_align_center bt_bb_vertical_align_middle bt_bb_animation_fade_in animate bt_bb_padding_normal\" style=\"padding-left:0px;\" data-width=\"4\" data-bt-override-class=\"{&quot;bt_bb_align_&quot;:{&quot;current_class&quot;:&quot;bt_bb_align_center&quot;,&quot;xl&quot;:&quot;center&quot;}}\"><div class=\"bt_bb_column_content\"><div class=\"bt_bb_column_content_inner\"><div class=\"bt_bb_image imgproduct bt_bb_shape_square bt_bb_align_inherit bt_bb_hover_style_simple bt_bb_content_display_always bt_bb_content_align_middle\" style=\"padding-left:0px;\" data-bt-override-class=\"{&quot;bt_bb_align_&quot;:{&quot;current_class&quot;:&quot;bt_bb_align_inherit&quot;,&quot;xl&quot;:&quot;inherit&quot;}}\"><span><img width=\"590\" height=\"393\" src=\"https:\/\/pre.ceramicaterracuita.com\/wp-content\/uploads\/2021\/03\/deco_detalle3.jpg\" class=\"attachment-full size-full\" alt=\"https:\/\/pre.ceramicaterracuita.com\/wp-content\/uploads\/2021\/03\/deco_detalle3.jpg\" loading=\"lazy\" data-full_image_src=\"https:\/\/pre.ceramicaterracuita.com\/wp-content\/uploads\/2021\/03\/deco_detalle3.jpg\" title=\"deco_detalle3\" srcset=\"https:\/\/pre.ceramicaterracuita.com\/wp-content\/uploads\/2021\/03\/deco_detalle3.jpg 590w, https:\/\/pre.ceramicaterracuita.com\/wp-content\/uploads\/2021\/03\/deco_detalle3-320x213.jpg 320w\" sizes=\"(max-width: 590px) 100vw, 590px\" \/><\/span><\/div><\/div><\/div><\/div><div  class=\"bt_bb_column col-xl-4 col-xs-12 col-sm-12 col-md-12 col-lg-4 bt_bb_align_center bt_bb_vertical_align_middle bt_bb_animation_fade_in animate bt_bb_padding_normal\"  data-width=\"4\" data-bt-override-class=\"{}\"><div class=\"bt_bb_column_content\"><div class=\"bt_bb_column_content_inner\"><div class=\"bt_bb_image imgproduct bt_bb_shape_square bt_bb_align_inherit bt_bb_hover_style_simple bt_bb_content_display_always bt_bb_content_align_middle\" data-bt-override-class=\"{&quot;bt_bb_align_&quot;:{&quot;current_class&quot;:&quot;bt_bb_align_inherit&quot;,&quot;xl&quot;:&quot;inherit&quot;}}\"><span><img width=\"590\" height=\"393\" src=\"https:\/\/pre.ceramicaterracuita.com\/wp-content\/uploads\/2021\/03\/deco_detalle2.jpg\" class=\"attachment-full size-full\" alt=\"https:\/\/pre.ceramicaterracuita.com\/wp-content\/uploads\/2021\/03\/deco_detalle2.jpg\" loading=\"lazy\" data-full_image_src=\"https:\/\/pre.ceramicaterracuita.com\/wp-content\/uploads\/2021\/03\/deco_detalle2.jpg\" title=\"deco_detalle2\" srcset=\"https:\/\/pre.ceramicaterracuita.com\/wp-content\/uploads\/2021\/03\/deco_detalle2.jpg 590w, https:\/\/pre.ceramicaterracuita.com\/wp-content\/uploads\/2021\/03\/deco_detalle2-320x213.jpg 320w\" sizes=\"(max-width: 590px) 100vw, 590px\" \/><\/span><\/div><\/div><\/div><\/div><div  class=\"bt_bb_column col-xl-4 col-xs-12 col-sm-12 col-md-12 col-lg-4 bt_bb_align_center bt_bb_vertical_align_middle bt_bb_animation_fade_in animate bt_bb_padding_normal\"  data-width=\"4\" data-bt-override-class=\"{}\"><div class=\"bt_bb_column_content\"><div class=\"bt_bb_column_content_inner\"><div class=\"bt_bb_image imgproduct bt_bb_shape_square bt_bb_align_inherit bt_bb_hover_style_simple bt_bb_content_display_always bt_bb_content_align_middle\" data-bt-override-class=\"{&quot;bt_bb_align_&quot;:{&quot;current_class&quot;:&quot;bt_bb_align_inherit&quot;,&quot;xl&quot;:&quot;inherit&quot;}}\"><span><img width=\"590\" height=\"393\" src=\"https:\/\/pre.ceramicaterracuita.com\/wp-content\/uploads\/2021\/03\/deco_detalle1.jpg\" class=\"attachment-full size-full\" alt=\"https:\/\/pre.ceramicaterracuita.com\/wp-content\/uploads\/2021\/03\/deco_detalle1.jpg\" loading=\"lazy\" data-full_image_src=\"https:\/\/pre.ceramicaterracuita.com\/wp-content\/uploads\/2021\/03\/deco_detalle1.jpg\" title=\"deco_detalle1\" srcset=\"https:\/\/pre.ceramicaterracuita.com\/wp-content\/uploads\/2021\/03\/deco_detalle1.jpg 590w, https:\/\/pre.ceramicaterracuita.com\/wp-content\/uploads\/2021\/03\/deco_detalle1-320x213.jpg 320w\" sizes=\"(max-width: 590px) 100vw, 590px\" \/><\/span><\/div><\/div><\/div><\/div><\/div><\/div><div class=\"bt_bb_row_wrapper\"><div  class=\"bt_bb_row graella1 bt_bb_column_gap_0\" ><div  class=\"bt_bb_column col-xl-4 col-xs-12 col-sm-12 col-md-12 col-lg-4 bt_bb_align_center bt_bb_vertical_align_middle bt_bb_animation_fade_in animate bt_bb_padding_normal\" style=\"padding-left:0px;\" data-width=\"4\" data-bt-override-class=\"{&quot;bt_bb_align_&quot;:{&quot;current_class&quot;:&quot;bt_bb_align_center&quot;,&quot;xl&quot;:&quot;center&quot;}}\"><div class=\"bt_bb_column_content\"><div class=\"bt_bb_column_content_inner\"><div class=\"bt_bb_image imgproduct bt_bb_shape_square bt_bb_align_inherit bt_bb_hover_style_simple bt_bb_content_display_always bt_bb_content_align_middle\" style=\"padding-left:0px;\" data-bt-override-class=\"{&quot;bt_bb_align_&quot;:{&quot;current_class&quot;:&quot;bt_bb_align_inherit&quot;,&quot;xl&quot;:&quot;inherit&quot;}}\"><span><img width=\"590\" height=\"393\" src=\"https:\/\/pre.ceramicaterracuita.com\/wp-content\/uploads\/2021\/03\/deco_detalle5.png\" class=\"attachment-full size-full\" alt=\"https:\/\/pre.ceramicaterracuita.com\/wp-content\/uploads\/2021\/03\/deco_detalle5.png\" loading=\"lazy\" data-full_image_src=\"https:\/\/pre.ceramicaterracuita.com\/wp-content\/uploads\/2021\/03\/deco_detalle5.png\" title=\"deco_detalle5\" srcset=\"https:\/\/pre.ceramicaterracuita.com\/wp-content\/uploads\/2021\/03\/deco_detalle5.png 590w, https:\/\/pre.ceramicaterracuita.com\/wp-content\/uploads\/2021\/03\/deco_detalle5-320x213.png 320w\" sizes=\"(max-width: 590px) 100vw, 590px\" \/><\/span><\/div><\/div><\/div><\/div><div  class=\"bt_bb_column col-xl-4 col-xs-12 col-sm-12 col-md-12 col-lg-4 bt_bb_align_center bt_bb_vertical_align_middle bt_bb_animation_fade_in animate bt_bb_padding_normal\"  data-width=\"4\" data-bt-override-class=\"{}\"><div class=\"bt_bb_column_content\"><div class=\"bt_bb_column_content_inner\"><div class=\"bt_bb_image imgproduct bt_bb_shape_square bt_bb_align_inherit bt_bb_hover_style_simple bt_bb_content_display_always bt_bb_content_align_middle\" data-bt-override-class=\"{&quot;bt_bb_align_&quot;:{&quot;current_class&quot;:&quot;bt_bb_align_inherit&quot;,&quot;xl&quot;:&quot;inherit&quot;}}\"><span><img width=\"2560\" height=\"1920\" src=\"https:\/\/pre.ceramicaterracuita.com\/wp-content\/uploads\/2021\/03\/IMG-1138-scaled.jpg\" class=\"attachment-full size-full\" alt=\"https:\/\/pre.ceramicaterracuita.com\/wp-content\/uploads\/2021\/03\/IMG-1138-scaled.jpg\" loading=\"lazy\" data-full_image_src=\"https:\/\/pre.ceramicaterracuita.com\/wp-content\/uploads\/2021\/03\/IMG-1138-scaled.jpg\" title=\"IMG-1138\" srcset=\"https:\/\/pre.ceramicaterracuita.com\/wp-content\/uploads\/2021\/03\/IMG-1138-scaled.jpg 2560w, https:\/\/pre.ceramicaterracuita.com\/wp-content\/uploads\/2021\/03\/IMG-1138-640x480.jpg 640w, https:\/\/pre.ceramicaterracuita.com\/wp-content\/uploads\/2021\/03\/IMG-1138-1280x960.jpg 1280w, https:\/\/pre.ceramicaterracuita.com\/wp-content\/uploads\/2021\/03\/IMG-1138-768x576.jpg 768w, https:\/\/pre.ceramicaterracuita.com\/wp-content\/uploads\/2021\/03\/IMG-1138-1536x1152.jpg 1536w, https:\/\/pre.ceramicaterracuita.com\/wp-content\/uploads\/2021\/03\/IMG-1138-2048x1536.jpg 2048w, https:\/\/pre.ceramicaterracuita.com\/wp-content\/uploads\/2021\/03\/IMG-1138-320x240.jpg 320w, https:\/\/pre.ceramicaterracuita.com\/wp-content\/uploads\/2021\/03\/IMG-1138-800x600.jpg 800w, https:\/\/pre.ceramicaterracuita.com\/wp-content\/uploads\/2021\/03\/IMG-1138-1000x750.jpg 1000w\" sizes=\"(max-width: 2560px) 100vw, 2560px\" \/><\/span><\/div><\/div><\/div><\/div><div  class=\"bt_bb_column col-xl-4 col-xs-12 col-sm-12 col-md-12 col-lg-4 bt_bb_align_center bt_bb_vertical_align_middle bt_bb_animation_fade_in animate bt_bb_padding_normal\"  data-width=\"4\" data-bt-override-class=\"{}\"><div class=\"bt_bb_column_content\"><div class=\"bt_bb_column_content_inner\"><\/div><\/div><\/div><\/div><\/div><\/div><\/div><\/div><\/section><section id=\"bt_bb_section69d756391c6f6\"  class=\"bt_bb_section bt_bb_top_spacing_medium bt_bb_bottom_spacing_medium bt_bb_layout_wide bt_bb_vertical_align_top\" style=\";background-color:#fcf8f2;\"><div class=\"bt_bb_port\"><div class=\"bt_bb_cell\"><div class=\"bt_bb_cell_inner\"><div class=\"bt_bb_row_wrapper\"><div  class=\"bt_bb_row\" ><div  class=\"bt_bb_column col-xl-12 bt_bb_align_center bt_bb_vertical_align_top bt_bb_animation_fade_in animate bt_bb_padding_normal\"  data-width=\"12\" data-bt-override-class=\"{}\"><div class=\"bt_bb_column_content\"><div class=\"bt_bb_column_content_inner\"><header class=\"bt_bb_headline bt_bb_dash_none bt_bb_size_medium bt_bb_align_inherit\" data-bt-override-class=\"{&quot;bt_bb_size_&quot;:{&quot;current_class&quot;:&quot;bt_bb_size_medium&quot;,&quot;xl&quot;:&quot;medium&quot;},&quot;bt_bb_align_&quot;:{&quot;current_class&quot;:&quot;bt_bb_align_inherit&quot;,&quot;xl&quot;:&quot;inherit&quot;}}\"><h3 class=\"bt_bb_headline_tag\"><span class=\"bt_bb_headline_content\"><span>Nuestras Colecciones<\/span><\/span><\/h3><\/header><div class=\"bt_bb_separator bt_bb_bottom_spacing_normal bt_bb_border_style_none\"><\/div><\/div><\/div><\/div><\/div><\/div><div class=\"bt_bb_row_wrapper\"><div  class=\"bt_bb_row\" ><div  class=\"bt_bb_column col-xl-12 bt_bb_align_left bt_bb_vertical_align_top bt_bb_padding_normal\"  data-width=\"12\" data-bt-override-class=\"{}\"><div class=\"bt_bb_column_content\"><div class=\"bt_bb_column_content_inner\"><div class=\"bt_bb_content_slider bt_bb_gap_no_gap bt_bb_arrows_size_normal bt_bb_show_dots_bottom bt_bb_height_auto\"><div class=\"slick-slider\"  data-slick='{ \"lazyLoad\": \"progressive\", \"cssEase\": \"ease-out\", \"speed\": \"600\", \"prevArrow\": \"&lt;button type=\\\"button\\\" class=\\\"slick-prev\\\" aria-label=\\\"Previous\\\" tabindex=\\\"0\\\" role=\\\"button\\\"&gt;&lt;\/button&gt;\", \"nextArrow\": \"&lt;button type=\\\"button\\\" class=\\\"slick-next\\\" aria-label=\\\"Next\\\" tabindex=\\\"0\\\" role=\\\"button\\\"&gt;&lt;\/button&gt;\", \"adaptiveHeight\": true, \"dots\": true}' ><div class=\"bt_bb_content_slider_item\" style=\"\"><div class=\"bt_bb_content_slider_item_content content\"><div class=\"bt_bb_single_product woocommerce\"><div class=\"bt_bb_single_product_image\"><img src=\"https:\/\/pre.ceramicaterracuita.com\/wp-content\/uploads\/2021\/02\/00llengues_collecion400x400px.png\" alt=\"Lleng\u00fces mallorquines\" title=\"Lleng\u00fces mallorquines\" ><\/div><div class=\"bt_bb_single_product_content\"><div class=\"bt_bb_single_product_title\">Lleng\u00fces mallorquines<\/div><div class=\"bt_bb_single_product_description\">La colecci\u00f3n de lleng\u00fces mallorquines est\u00e1 inspirada en la tradicional tela mallorquina o, la tambi\u00e9n llamada, \u201cTela de Lenguas\u201d. Existe la creencia de que su origen es oriental por su similitud a la tela de ikat asi\u00e1tica&#8230;<\/div><div class=\"bt_bb_single_product_price_cart\"><p class=\"product woocommerce add_to_cart_inline \" style=\"\"><a href=\"https:\/\/pre.ceramicaterracuita.com\/de\/productos\/lenguas-mallorquinas\/\" data-quantity=\"1\" class=\"button product_type_simple\" data-product_id=\"4480\" data-product_sku=\"\" aria-label=\"Lese mehr \u00fcber &#8222;Lleng\u00fces mallorquines&#8220;\" rel=\"nofollow\">Weiterlesen<\/a><\/p><\/div><\/div><\/div><div class=\"bt_bb_separator bt_bb_bottom_spacing_medium bt_bb_border_style_none\"><\/div><\/div><\/div><div class=\"bt_bb_content_slider_item\" style=\"\"><div class=\"bt_bb_content_slider_item_content content\"><div class=\"bt_bb_single_product woocommerce\"><div class=\"bt_bb_single_product_image\"><img src=\"https:\/\/pre.ceramicaterracuita.com\/wp-content\/uploads\/2021\/02\/00esquixat_col.png\" alt=\"Esquitxat, rallados, pincelados ...\u00a0\" title=\"Esquitxat, rallados, pincelados ...\u00a0\" ><\/div><div class=\"bt_bb_single_product_content\"><div class=\"bt_bb_single_product_title\">Esquitxat, rallados, pincelados &#8230;\u00a0<\/div><div class=\"bt_bb_single_product_description\">La cer\u00e1mica blanca permite muchos decorados. Aqu\u00ed nos recreamos pincelando, trazando lineas, circulos, ondas, salpicados\u2026. o simplemente bordeando de un color una pieza&#8230;<\/div><div class=\"bt_bb_single_product_price_cart\"><p class=\"product woocommerce add_to_cart_inline \" style=\"\"><a href=\"https:\/\/pre.ceramicaterracuita.com\/de\/productos\/esquitxat-rallado-pincelado\/\" data-quantity=\"1\" class=\"button product_type_simple\" data-product_id=\"4477\" data-product_sku=\"\" aria-label=\"Lese mehr \u00fcber &#8222;Esquitxat, rallados, pincelados ...\u00a0&#8220;\" rel=\"nofollow\">Weiterlesen<\/a><\/p><\/div><\/div><\/div><div class=\"bt_bb_separator bt_bb_bottom_spacing_medium bt_bb_border_style_none\"><\/div><\/div><\/div><div class=\"bt_bb_content_slider_item\" style=\"\"><div class=\"bt_bb_content_slider_item_content content\"><div class=\"bt_bb_single_product woocommerce\"><div class=\"bt_bb_single_product_image\"><img src=\"https:\/\/pre.ceramicaterracuita.com\/wp-content\/uploads\/2021\/02\/coleccion4.png\" alt=\"Piezas especiales\" title=\"Piezas especiales\" ><\/div><div class=\"bt_bb_single_product_content\"><div class=\"bt_bb_single_product_title\">Piezas especiales<\/div><div class=\"bt_bb_single_product_description\">Aqu\u00ed es donde se aprecia m\u00e1s nuestro esp\u00edritu innovador. Ahora no s\u00f3lo tenemos cazuelas, como en nuestros inicios, sino tambi\u00e9n vajillas y otros art\u00edculos de cocina, ba\u00f1o y decoraci\u00f3n&#8230;<\/div><div class=\"bt_bb_single_product_price_cart\"><p class=\"product woocommerce add_to_cart_inline \" style=\"\"><a href=\"https:\/\/pre.ceramicaterracuita.com\/de\/productos\/decoracion-tematica\/\" data-quantity=\"1\" class=\"button product_type_simple\" data-product_id=\"4476\" data-product_sku=\"\" aria-label=\"Lese mehr \u00fcber &#8222;Piezas especiales&#8220;\" rel=\"nofollow\">Weiterlesen<\/a><\/p><\/div><\/div><\/div><div class=\"bt_bb_separator bt_bb_bottom_spacing_medium bt_bb_border_style_none\"><\/div><\/div><\/div><div class=\"bt_bb_content_slider_item\" style=\"\"><div class=\"bt_bb_content_slider_item_content content\"><div class=\"bt_bb_single_product woocommerce\"><div class=\"bt_bb_single_product_image\"><img src=\"https:\/\/pre.ceramicaterracuita.com\/wp-content\/uploads\/2021\/02\/coleccion2.png\" alt=\"Gres\" title=\"Gres\" ><\/div><div class=\"bt_bb_single_product_content\"><div class=\"bt_bb_single_product_title\">Gres<\/div><div class=\"bt_bb_single_product_description\">Nuestra vajilla de gres es un todo terreno en calidad y durabilidad. El gres se elabora con compuestos de arcilla natural cocida a alta temperatura y se colorea con esmaltes a base de pigmentos naturales&#8230;<\/div><div class=\"bt_bb_single_product_price_cart\"><p class=\"product woocommerce add_to_cart_inline \" style=\"\"><a href=\"https:\/\/pre.ceramicaterracuita.com\/de\/productos\/gres\/\" data-quantity=\"1\" class=\"button product_type_simple\" data-product_id=\"4478\" data-product_sku=\"\" aria-label=\"Lese mehr \u00fcber &#8222;Gres&#8220;\" rel=\"nofollow\">Weiterlesen<\/a><\/p><\/div><\/div><\/div><div class=\"bt_bb_separator bt_bb_bottom_spacing_medium bt_bb_border_style_none\"><\/div><\/div><\/div><div class=\"bt_bb_content_slider_item\" style=\"\"><div class=\"bt_bb_content_slider_item_content content\"><div class=\"bt_bb_single_product woocommerce\"><div class=\"bt_bb_single_product_image\"><img src=\"https:\/\/pre.ceramicaterracuita.com\/wp-content\/uploads\/2021\/02\/00turques_col.png\" alt=\"Turquesa\" title=\"Turquesa\" ><\/div><div class=\"bt_bb_single_product_content\"><div class=\"bt_bb_single_product_title\">Turquesa<\/div><div class=\"bt_bb_single_product_description\">\u00c9sta colecci\u00f3n recuerda a la aguas cristalinas de nuestra isla. La realizamos con dos t\u00e9cnicas: la t\u00e9cnica de difuminado, resultando un color turquesa con m\u00e1s tendencia hacia el azul cielo y, la t\u00e9cnica de pincelado, resultando as\u00ed un turquesa azul m\u00e1s verdoso&#8230;<\/div><div class=\"bt_bb_single_product_price_cart\"><p class=\"product woocommerce add_to_cart_inline \" style=\"\"><a href=\"https:\/\/pre.ceramicaterracuita.com\/de\/productos\/turquesa\/\" data-quantity=\"1\" class=\"button product_type_simple\" data-product_id=\"3371\" data-product_sku=\"\" aria-label=\"Lese mehr \u00fcber &#8222;Turquesa&#8220;\" rel=\"nofollow\">Weiterlesen<\/a><\/p><\/div><\/div><\/div><div class=\"bt_bb_separator bt_bb_bottom_spacing_medium bt_bb_border_style_none\"><\/div><\/div><\/div><\/div><\/div><\/div><\/div><\/div><\/div><\/div><\/div><\/div><\/div><\/section><\/div>","protected":false},"excerpt":{"rendered":"<p class=\"p1\">Seleccionamos cuidadosamente nuestra gama de productos artesanales, eligiendo productos hechos a mano, a base de materia prima natural y apostando por lo sostenible.<\/p>\n<p class=\"p1\">Tenemos una gran variedad de art\u00edculos artesanales de cer\u00e1mica, vidrio soplado, cristaler\u00eda fina, madera de olivo, lino, algod\u00f3n, palmito, esparto, yute, jabones y velas naturales entre otros.<\/p>\n<p class=\"p1\">En nuestras tiendas pod\u00e9is encontrar el objeto perfecto para decorar o dar una utilidad en vuestro hogar. Bonitos y originales art\u00edculos, hechos e inspirados en Mallorca, para que pod\u00e1is regalar a vuestros familiares y amigos. Con cada objeto podr\u00e9is transmitirles tanto la esencia de nuestra preciosa isla, como el tesoro y preciado valor que transmite un producto artesano y hecho con cari\u00f1o.<\/p>\n","protected":false},"featured_media":5109,"comment_status":"closed","ping_status":"closed","template":"","meta":[],"_links":{"self":[{"href":"https:\/\/pre.ceramicaterracuita.com\/de\/wp-json\/wp\/v2\/product\/5072"}],"collection":[{"href":"https:\/\/pre.ceramicaterracuita.com\/de\/wp-json\/wp\/v2\/product"}],"about":[{"href":"https:\/\/pre.ceramicaterracuita.com\/de\/wp-json\/wp\/v2\/types\/product"}],"replies":[{"embeddable":true,"href":"https:\/\/pre.ceramicaterracuita.com\/de\/wp-json\/wp\/v2\/comments?post=5072"}],"wp:featuredmedia":[{"embeddable":true,"href":"https:\/\/pre.ceramicaterracuita.com\/de\/wp-json\/wp\/v2\/media\/5109"}],"wp:attachment":[{"href":"https:\/\/pre.ceramicaterracuita.com\/de\/wp-json\/wp\/v2\/media?parent=5072"}],"curies":[{"name":"wp","href":"https:\/\/api.w.org\/{rel}","templated":true}]}}