{"id":4476,"date":"2021-02-12T12:48:40","date_gmt":"2021-02-12T12:48:40","guid":{"rendered":"http:\/\/pre.ceramicaterracuita.com\/?post_type=product&#038;p=4476"},"modified":"2021-04-09T09:37:15","modified_gmt":"2021-04-09T09:37:15","slug":"decoracion-tematica","status":"publish","type":"product","link":"https:\/\/pre.ceramicaterracuita.com\/de\/productos\/decoracion-tematica\/","title":{"rendered":"Piezas especiales"},"content":{"rendered":"<div class=\"bt_bb_wrapper\"><section id=\"bt_bb_section69d755fdeb0a8\"  class=\"bt_bb_section bt_bb_top_spacing_extra_small bt_bb_bottom_spacing_extra_small bt_bb_layout_wide bt_bb_full_screen bt_bb_vertical_align_top graellaproduct\" style=\";background-color:#ffffff;\"><div class=\"bt_bb_port\"><div class=\"bt_bb_cell\"><div class=\"bt_bb_cell_inner\"><div class=\"bt_bb_row_wrapper\"><div  class=\"bt_bb_row graella1 bt_bb_column_gap_0\" ><div  class=\"bt_bb_column col-xl-4 col-xs-12 col-sm-12 col-md-12 col-lg-4 bt_bb_align_center bt_bb_vertical_align_middle bt_bb_animation_fade_in animate bt_bb_padding_normal\" style=\"padding-left:0px;\" data-width=\"4\" data-bt-override-class=\"{&quot;bt_bb_align_&quot;:{&quot;current_class&quot;:&quot;bt_bb_align_center&quot;,&quot;xl&quot;:&quot;center&quot;}}\"><div class=\"bt_bb_column_content\"><div class=\"bt_bb_column_content_inner\"><div class=\"bt_bb_image imgproduct bt_bb_shape_square bt_bb_align_inherit bt_bb_hover_style_simple bt_bb_content_display_always bt_bb_content_align_middle\" style=\"padding-left:0px;\" data-bt-override-class=\"{&quot;bt_bb_align_&quot;:{&quot;current_class&quot;:&quot;bt_bb_align_inherit&quot;,&quot;xl&quot;:&quot;inherit&quot;}}\"><span><img width=\"590\" height=\"393\" src=\"https:\/\/pre.ceramicaterracuita.com\/wp-content\/uploads\/2021\/02\/especial_detalle1.jpg\" class=\"attachment-full size-full\" alt=\"https:\/\/pre.ceramicaterracuita.com\/wp-content\/uploads\/2021\/02\/especial_detalle1.jpg\" loading=\"lazy\" data-full_image_src=\"https:\/\/pre.ceramicaterracuita.com\/wp-content\/uploads\/2021\/02\/especial_detalle1.jpg\" title=\"especial_detalle1\" srcset=\"https:\/\/pre.ceramicaterracuita.com\/wp-content\/uploads\/2021\/02\/especial_detalle1.jpg 590w, https:\/\/pre.ceramicaterracuita.com\/wp-content\/uploads\/2021\/02\/especial_detalle1-320x213.jpg 320w\" sizes=\"(max-width: 590px) 100vw, 590px\" \/><\/span><\/div><\/div><\/div><\/div><div  class=\"bt_bb_column col-xl-4 col-xs-12 col-sm-12 col-md-12 col-lg-4 bt_bb_align_center bt_bb_vertical_align_middle bt_bb_animation_fade_in animate bt_bb_padding_normal\"  data-width=\"4\" data-bt-override-class=\"{}\"><div class=\"bt_bb_column_content\"><div class=\"bt_bb_column_content_inner\"><div class=\"bt_bb_image imgproduct bt_bb_shape_square bt_bb_align_inherit bt_bb_hover_style_simple bt_bb_content_display_always bt_bb_content_align_middle\" data-bt-override-class=\"{&quot;bt_bb_align_&quot;:{&quot;current_class&quot;:&quot;bt_bb_align_inherit&quot;,&quot;xl&quot;:&quot;inherit&quot;}}\"><span><img width=\"590\" height=\"393\" src=\"https:\/\/pre.ceramicaterracuita.com\/wp-content\/uploads\/2021\/02\/especial_detalle5.jpg\" class=\"attachment-full size-full\" alt=\"https:\/\/pre.ceramicaterracuita.com\/wp-content\/uploads\/2021\/02\/especial_detalle5.jpg\" loading=\"lazy\" data-full_image_src=\"https:\/\/pre.ceramicaterracuita.com\/wp-content\/uploads\/2021\/02\/especial_detalle5.jpg\" title=\"especial_detalle5\" srcset=\"https:\/\/pre.ceramicaterracuita.com\/wp-content\/uploads\/2021\/02\/especial_detalle5.jpg 590w, https:\/\/pre.ceramicaterracuita.com\/wp-content\/uploads\/2021\/02\/especial_detalle5-320x213.jpg 320w\" sizes=\"(max-width: 590px) 100vw, 590px\" \/><\/span><\/div><\/div><\/div><\/div><div  class=\"bt_bb_column col-xl-4 col-xs-12 col-sm-12 col-md-12 col-lg-4 bt_bb_align_center bt_bb_vertical_align_middle bt_bb_animation_fade_in animate bt_bb_padding_normal\"  data-width=\"4\" data-bt-override-class=\"{}\"><div class=\"bt_bb_column_content\"><div class=\"bt_bb_column_content_inner\"><div class=\"bt_bb_image imgproduct bt_bb_shape_square bt_bb_align_inherit bt_bb_hover_style_simple bt_bb_content_display_always bt_bb_content_align_middle\" data-bt-override-class=\"{&quot;bt_bb_align_&quot;:{&quot;current_class&quot;:&quot;bt_bb_align_inherit&quot;,&quot;xl&quot;:&quot;inherit&quot;}}\"><span><img width=\"590\" height=\"393\" src=\"https:\/\/pre.ceramicaterracuita.com\/wp-content\/uploads\/2021\/03\/a_medida1.jpg\" class=\"attachment-full size-full\" alt=\"https:\/\/pre.ceramicaterracuita.com\/wp-content\/uploads\/2021\/03\/a_medida1.jpg\" loading=\"lazy\" data-full_image_src=\"https:\/\/pre.ceramicaterracuita.com\/wp-content\/uploads\/2021\/03\/a_medida1.jpg\" title=\"a_medida1\" srcset=\"https:\/\/pre.ceramicaterracuita.com\/wp-content\/uploads\/2021\/03\/a_medida1.jpg 590w, https:\/\/pre.ceramicaterracuita.com\/wp-content\/uploads\/2021\/03\/a_medida1-320x213.jpg 320w\" sizes=\"(max-width: 590px) 100vw, 590px\" \/><\/span><\/div><\/div><\/div><\/div><\/div><\/div><div class=\"bt_bb_row_wrapper\"><div  class=\"bt_bb_row bt_bb_column_gap_0\" ><div  class=\"bt_bb_column col-xl-4 col-xs-12 col-sm-12 col-md-12 col-lg-4 bt_bb_align_center bt_bb_vertical_align_middle bt_bb_animation_fade_in animate bt_bb_padding_normal\" style=\"padding-left:0px;\" data-width=\"4\" data-bt-override-class=\"{&quot;bt_bb_align_&quot;:{&quot;current_class&quot;:&quot;bt_bb_align_center&quot;,&quot;xl&quot;:&quot;center&quot;}}\"><div class=\"bt_bb_column_content\"><div class=\"bt_bb_column_content_inner\"><div class=\"bt_bb_image imgproduct bt_bb_shape_square bt_bb_align_inherit bt_bb_hover_style_simple bt_bb_content_display_always bt_bb_content_align_middle\" style=\"padding-left:0px;\" data-bt-override-class=\"{&quot;bt_bb_align_&quot;:{&quot;current_class&quot;:&quot;bt_bb_align_inherit&quot;,&quot;xl&quot;:&quot;inherit&quot;}}\"><span><img width=\"590\" height=\"393\" src=\"https:\/\/pre.ceramicaterracuita.com\/wp-content\/uploads\/2021\/02\/especial_detalle12.jpg\" class=\"attachment-full size-full\" alt=\"https:\/\/pre.ceramicaterracuita.com\/wp-content\/uploads\/2021\/02\/especial_detalle12.jpg\" loading=\"lazy\" data-full_image_src=\"https:\/\/pre.ceramicaterracuita.com\/wp-content\/uploads\/2021\/02\/especial_detalle12.jpg\" title=\"especial_detalle12\" srcset=\"https:\/\/pre.ceramicaterracuita.com\/wp-content\/uploads\/2021\/02\/especial_detalle12.jpg 590w, https:\/\/pre.ceramicaterracuita.com\/wp-content\/uploads\/2021\/02\/especial_detalle12-320x213.jpg 320w\" sizes=\"(max-width: 590px) 100vw, 590px\" \/><\/span><\/div><\/div><\/div><\/div><div  class=\"bt_bb_column col-xl-4 col-xs-12 col-sm-12 col-md-12 col-lg-4 bt_bb_align_center bt_bb_vertical_align_middle bt_bb_animation_fade_in animate bt_bb_padding_normal\"  data-width=\"4\" data-bt-override-class=\"{}\"><div class=\"bt_bb_column_content\"><div class=\"bt_bb_column_content_inner\"><div class=\"bt_bb_image imgproduct bt_bb_shape_square bt_bb_align_inherit bt_bb_hover_style_simple bt_bb_content_display_always bt_bb_content_align_middle\" data-bt-override-class=\"{&quot;bt_bb_align_&quot;:{&quot;current_class&quot;:&quot;bt_bb_align_inherit&quot;,&quot;xl&quot;:&quot;inherit&quot;}}\"><span><img width=\"590\" height=\"393\" src=\"https:\/\/pre.ceramicaterracuita.com\/wp-content\/uploads\/2021\/02\/especial_detalle4.jpg\" class=\"attachment-full size-full\" alt=\"https:\/\/pre.ceramicaterracuita.com\/wp-content\/uploads\/2021\/02\/especial_detalle4.jpg\" loading=\"lazy\" data-full_image_src=\"https:\/\/pre.ceramicaterracuita.com\/wp-content\/uploads\/2021\/02\/especial_detalle4.jpg\" title=\"especial_detalle4\" srcset=\"https:\/\/pre.ceramicaterracuita.com\/wp-content\/uploads\/2021\/02\/especial_detalle4.jpg 590w, https:\/\/pre.ceramicaterracuita.com\/wp-content\/uploads\/2021\/02\/especial_detalle4-320x213.jpg 320w\" sizes=\"(max-width: 590px) 100vw, 590px\" \/><\/span><\/div><\/div><\/div><\/div><div  class=\"bt_bb_column col-xl-4 col-xs-12 col-sm-12 col-md-12 col-lg-4 bt_bb_align_center bt_bb_vertical_align_middle bt_bb_animation_fade_in animate bt_bb_padding_normal\"  data-width=\"4\" data-bt-override-class=\"{}\"><div class=\"bt_bb_column_content\"><div class=\"bt_bb_column_content_inner\"><div class=\"bt_bb_image imgproduct bt_bb_shape_square bt_bb_align_inherit bt_bb_hover_style_simple bt_bb_content_display_always bt_bb_content_align_middle\" data-bt-override-class=\"{&quot;bt_bb_align_&quot;:{&quot;current_class&quot;:&quot;bt_bb_align_inherit&quot;,&quot;xl&quot;:&quot;inherit&quot;}}\"><span><img width=\"590\" height=\"393\" src=\"https:\/\/pre.ceramicaterracuita.com\/wp-content\/uploads\/2021\/02\/especial_detalle7.jpg\" class=\"attachment-full size-full\" alt=\"https:\/\/pre.ceramicaterracuita.com\/wp-content\/uploads\/2021\/02\/especial_detalle7.jpg\" loading=\"lazy\" data-full_image_src=\"https:\/\/pre.ceramicaterracuita.com\/wp-content\/uploads\/2021\/02\/especial_detalle7.jpg\" title=\"especial_detalle7\" srcset=\"https:\/\/pre.ceramicaterracuita.com\/wp-content\/uploads\/2021\/02\/especial_detalle7.jpg 590w, https:\/\/pre.ceramicaterracuita.com\/wp-content\/uploads\/2021\/02\/especial_detalle7-320x213.jpg 320w\" sizes=\"(max-width: 590px) 100vw, 590px\" \/><\/span><\/div><\/div><\/div><\/div><\/div><\/div><div class=\"bt_bb_row_wrapper\"><div  class=\"bt_bb_row bt_bb_column_gap_0\" ><div  class=\"bt_bb_column col-xl-4 col-xs-12 col-sm-12 col-md-12 col-lg-4 bt_bb_align_center bt_bb_vertical_align_middle bt_bb_animation_fade_in animate bt_bb_padding_normal\" style=\"padding-left:0px;\" data-width=\"4\" data-bt-override-class=\"{&quot;bt_bb_align_&quot;:{&quot;current_class&quot;:&quot;bt_bb_align_center&quot;,&quot;xl&quot;:&quot;center&quot;}}\"><div class=\"bt_bb_column_content\"><div class=\"bt_bb_column_content_inner\"><div class=\"bt_bb_image imgproduct bt_bb_shape_square bt_bb_align_inherit bt_bb_hover_style_simple bt_bb_content_display_always bt_bb_content_align_middle\" style=\"padding-left:0px;\" data-bt-override-class=\"{&quot;bt_bb_align_&quot;:{&quot;current_class&quot;:&quot;bt_bb_align_inherit&quot;,&quot;xl&quot;:&quot;inherit&quot;}}\"><span><img width=\"590\" height=\"393\" src=\"https:\/\/pre.ceramicaterracuita.com\/wp-content\/uploads\/2021\/02\/especial_detalle14.png\" class=\"attachment-full size-full\" alt=\"https:\/\/pre.ceramicaterracuita.com\/wp-content\/uploads\/2021\/02\/especial_detalle14.png\" loading=\"lazy\" data-full_image_src=\"https:\/\/pre.ceramicaterracuita.com\/wp-content\/uploads\/2021\/02\/especial_detalle14.png\" title=\"especial_detalle14\" srcset=\"https:\/\/pre.ceramicaterracuita.com\/wp-content\/uploads\/2021\/02\/especial_detalle14.png 590w, https:\/\/pre.ceramicaterracuita.com\/wp-content\/uploads\/2021\/02\/especial_detalle14-320x213.png 320w\" sizes=\"(max-width: 590px) 100vw, 590px\" \/><\/span><\/div><\/div><\/div><\/div><div  class=\"bt_bb_column col-xl-4 col-xs-12 col-sm-12 col-md-12 col-lg-4 bt_bb_align_center bt_bb_vertical_align_middle bt_bb_animation_fade_in animate bt_bb_padding_normal\"  data-width=\"4\" data-bt-override-class=\"{}\"><div class=\"bt_bb_column_content\"><div class=\"bt_bb_column_content_inner\"><div class=\"bt_bb_image imgproduct bt_bb_shape_square bt_bb_align_inherit bt_bb_hover_style_simple bt_bb_content_display_always bt_bb_content_align_middle\" data-bt-override-class=\"{&quot;bt_bb_align_&quot;:{&quot;current_class&quot;:&quot;bt_bb_align_inherit&quot;,&quot;xl&quot;:&quot;inherit&quot;}}\"><span><img width=\"590\" height=\"393\" src=\"https:\/\/pre.ceramicaterracuita.com\/wp-content\/uploads\/2021\/02\/especial_detalle13.png\" class=\"attachment-full size-full\" alt=\"https:\/\/pre.ceramicaterracuita.com\/wp-content\/uploads\/2021\/02\/especial_detalle13.png\" loading=\"lazy\" data-full_image_src=\"https:\/\/pre.ceramicaterracuita.com\/wp-content\/uploads\/2021\/02\/especial_detalle13.png\" title=\"especial_detalle13\" srcset=\"https:\/\/pre.ceramicaterracuita.com\/wp-content\/uploads\/2021\/02\/especial_detalle13.png 590w, https:\/\/pre.ceramicaterracuita.com\/wp-content\/uploads\/2021\/02\/especial_detalle13-320x213.png 320w\" sizes=\"(max-width: 590px) 100vw, 590px\" \/><\/span><\/div><\/div><\/div><\/div><div  class=\"bt_bb_column col-xl-4 col-xs-12 col-sm-12 col-md-12 col-lg-4 bt_bb_align_center bt_bb_vertical_align_middle bt_bb_animation_fade_in animate bt_bb_padding_normal\"  data-width=\"4\" data-bt-override-class=\"{}\"><div class=\"bt_bb_column_content\"><div class=\"bt_bb_column_content_inner\"><div class=\"bt_bb_image imgproduct bt_bb_shape_square bt_bb_align_inherit bt_bb_hover_style_simple bt_bb_content_display_always bt_bb_content_align_middle\" data-bt-override-class=\"{&quot;bt_bb_align_&quot;:{&quot;current_class&quot;:&quot;bt_bb_align_inherit&quot;,&quot;xl&quot;:&quot;inherit&quot;}}\"><span><img width=\"590\" height=\"393\" src=\"https:\/\/pre.ceramicaterracuita.com\/wp-content\/uploads\/2021\/03\/a_medida2.jpg\" class=\"attachment-full size-full\" alt=\"https:\/\/pre.ceramicaterracuita.com\/wp-content\/uploads\/2021\/03\/a_medida2.jpg\" loading=\"lazy\" data-full_image_src=\"https:\/\/pre.ceramicaterracuita.com\/wp-content\/uploads\/2021\/03\/a_medida2.jpg\" title=\"a_medida2\" srcset=\"https:\/\/pre.ceramicaterracuita.com\/wp-content\/uploads\/2021\/03\/a_medida2.jpg 590w, https:\/\/pre.ceramicaterracuita.com\/wp-content\/uploads\/2021\/03\/a_medida2-320x213.jpg 320w\" sizes=\"(max-width: 590px) 100vw, 590px\" \/><\/span><\/div><\/div><\/div><\/div><\/div><\/div><\/div><\/div><\/div><\/section><section id=\"bt_bb_section69d755fdebf2f\"  class=\"bt_bb_section bt_bb_top_spacing_medium bt_bb_bottom_spacing_medium bt_bb_layout_wide bt_bb_vertical_align_top\" style=\";background-color:#fcf8f2;\"><div class=\"bt_bb_port\"><div class=\"bt_bb_cell\"><div class=\"bt_bb_cell_inner\"><div class=\"bt_bb_row_wrapper\"><div  class=\"bt_bb_row\" ><div  class=\"bt_bb_column col-xl-12 bt_bb_align_center bt_bb_vertical_align_top bt_bb_animation_fade_in animate bt_bb_padding_normal\"  data-width=\"12\" data-bt-override-class=\"{}\"><div class=\"bt_bb_column_content\"><div class=\"bt_bb_column_content_inner\"><header class=\"bt_bb_headline bt_bb_dash_none bt_bb_size_medium bt_bb_align_inherit\" data-bt-override-class=\"{&quot;bt_bb_size_&quot;:{&quot;current_class&quot;:&quot;bt_bb_size_medium&quot;,&quot;xl&quot;:&quot;medium&quot;},&quot;bt_bb_align_&quot;:{&quot;current_class&quot;:&quot;bt_bb_align_inherit&quot;,&quot;xl&quot;:&quot;inherit&quot;}}\"><h3 class=\"bt_bb_headline_tag\"><span class=\"bt_bb_headline_content\"><span>Nuestras Colecciones<\/span><\/span><\/h3><\/header><div class=\"bt_bb_separator bt_bb_bottom_spacing_normal bt_bb_border_style_none\"><\/div><\/div><\/div><\/div><\/div><\/div><div class=\"bt_bb_row_wrapper\"><div  class=\"bt_bb_row\" ><div  class=\"bt_bb_column col-xl-12 bt_bb_align_left bt_bb_vertical_align_top bt_bb_padding_normal\"  data-width=\"12\" data-bt-override-class=\"{}\"><div class=\"bt_bb_column_content\"><div class=\"bt_bb_column_content_inner\"><div class=\"bt_bb_content_slider bt_bb_gap_no_gap bt_bb_arrows_size_normal bt_bb_show_dots_bottom bt_bb_height_auto\"><div class=\"slick-slider\"  data-slick='{ \"lazyLoad\": \"progressive\", \"cssEase\": \"ease-out\", \"speed\": \"600\", \"prevArrow\": \"&lt;button type=\\\"button\\\" class=\\\"slick-prev\\\" aria-label=\\\"Previous\\\" tabindex=\\\"0\\\" role=\\\"button\\\"&gt;&lt;\/button&gt;\", \"nextArrow\": \"&lt;button type=\\\"button\\\" class=\\\"slick-next\\\" aria-label=\\\"Next\\\" tabindex=\\\"0\\\" role=\\\"button\\\"&gt;&lt;\/button&gt;\", \"adaptiveHeight\": true, \"dots\": true}' ><div class=\"bt_bb_content_slider_item\" style=\"\"><div class=\"bt_bb_content_slider_item_content content\"><div class=\"bt_bb_single_product woocommerce\"><div class=\"bt_bb_single_product_image\"><img width=\"800\" height=\"293\" src=\"https:\/\/pre.ceramicaterracuita.com\/wp-content\/uploads\/2021\/02\/gres_cabezera1600x750px-1-e1613476280214-800x293.jpg\" class=\"attachment-shop_catalog size-shop_catalog\" alt=\"\" loading=\"lazy\" srcset=\"https:\/\/pre.ceramicaterracuita.com\/wp-content\/uploads\/2021\/02\/gres_cabezera1600x750px-1-e1613476280214-800x293.jpg 800w, https:\/\/pre.ceramicaterracuita.com\/wp-content\/uploads\/2021\/02\/gres_cabezera1600x750px-1-e1613476280214-640x234.jpg 640w, https:\/\/pre.ceramicaterracuita.com\/wp-content\/uploads\/2021\/02\/gres_cabezera1600x750px-1-e1613476280214-1280x469.jpg 1280w, https:\/\/pre.ceramicaterracuita.com\/wp-content\/uploads\/2021\/02\/gres_cabezera1600x750px-1-e1613476280214-768x281.jpg 768w, https:\/\/pre.ceramicaterracuita.com\/wp-content\/uploads\/2021\/02\/gres_cabezera1600x750px-1-e1613476280214-1536x563.jpg 1536w, https:\/\/pre.ceramicaterracuita.com\/wp-content\/uploads\/2021\/02\/gres_cabezera1600x750px-1-e1613476280214-320x117.jpg 320w, https:\/\/pre.ceramicaterracuita.com\/wp-content\/uploads\/2021\/02\/gres_cabezera1600x750px-1-e1613476280214-1000x366.jpg 1000w, https:\/\/pre.ceramicaterracuita.com\/wp-content\/uploads\/2021\/02\/gres_cabezera1600x750px-1-e1613476280214.jpg 1600w\" sizes=\"(max-width: 800px) 100vw, 800px\" \/><\/div><div class=\"bt_bb_single_product_content\"><div class=\"bt_bb_single_product_title\">Gres<\/div><div class=\"bt_bb_single_product_description\">Nuestra vajilla de gres es un todo terreno en calidad y durabilidad. El gres se elabora con compuestos de arcilla natural cocida a alta temperatura y se colorea con esmaltes a base de pigmentos naturales&#8230;<\/div><div class=\"bt_bb_single_product_price_cart\"><p class=\"product woocommerce add_to_cart_inline \" style=\"\"><a href=\"https:\/\/pre.ceramicaterracuita.com\/de\/productos\/gres\/\" data-quantity=\"1\" class=\"button product_type_simple\" data-product_id=\"4478\" data-product_sku=\"\" aria-label=\"Lese mehr \u00fcber &#8222;Gres&#8220;\" rel=\"nofollow\">Weiterlesen<\/a><\/p><\/div><\/div><\/div><div class=\"bt_bb_separator bt_bb_bottom_spacing_medium bt_bb_border_style_none\"><\/div><\/div><\/div><div class=\"bt_bb_content_slider_item\" style=\"\"><div class=\"bt_bb_content_slider_item_content content\"><div class=\"bt_bb_single_product woocommerce\"><div class=\"bt_bb_single_product_image\"><img src=\"https:\/\/pre.ceramicaterracuita.com\/wp-content\/uploads\/2021\/02\/00llengues_collecion400x400px.png\" alt=\"Lleng\u00fces mallorquines\" title=\"Lleng\u00fces mallorquines\" ><\/div><div class=\"bt_bb_single_product_content\"><div class=\"bt_bb_single_product_title\">Lleng\u00fces mallorquines<\/div><div class=\"bt_bb_single_product_description\">La colecci\u00f3n de lleng\u00fces mallorquines est\u00e1 inspirada en la Tradicional tela mallorquina o, la tambi\u00e9n llamada, \u201cTela de Lenguas\u201d. Existe la creencia de que su or\u00edgen es oriental por su similitud a la tela de ikat asi\u00e1tica&#8230;<\/div><div class=\"bt_bb_single_product_price_cart\"><p class=\"product woocommerce add_to_cart_inline \" style=\"\"><a href=\"https:\/\/pre.ceramicaterracuita.com\/de\/productos\/lenguas-mallorquinas\/\" data-quantity=\"1\" class=\"button product_type_simple\" data-product_id=\"4480\" data-product_sku=\"\" aria-label=\"Lese mehr \u00fcber &#8222;Lleng\u00fces mallorquines&#8220;\" rel=\"nofollow\">Weiterlesen<\/a><\/p><\/div><\/div><\/div><div class=\"bt_bb_separator bt_bb_bottom_spacing_medium bt_bb_border_style_none\"><\/div><\/div><\/div><div class=\"bt_bb_content_slider_item\" style=\"\"><div class=\"bt_bb_content_slider_item_content content\"><div class=\"bt_bb_single_product woocommerce\"><div class=\"bt_bb_single_product_image\"><img src=\"https:\/\/pre.ceramicaterracuita.com\/wp-content\/uploads\/2021\/02\/coleccion2.png\" alt=\"Cer\u00e1mica de color o terracota tradicional\" title=\"Cer\u00e1mica de color o terracota tradicional\" ><\/div><div class=\"bt_bb_single_product_content\"><div class=\"bt_bb_single_product_title\">Cer\u00e1mica de color o terracota tradicional<\/div><div class=\"bt_bb_single_product_description\">Se dir\u00eda que es la versi\u00f3n tradicional mallorquina llevada a todo color. Hemos dado una nueva dimensi\u00f3n a la vajilla r\u00fastica de barro marr\u00f3n, dot\u00e1ndola de diferentes colores y alterando as\u00ed su uniformidad&#8230;<\/div><div class=\"bt_bb_single_product_price_cart\"><p class=\"product woocommerce add_to_cart_inline \" style=\"\"><a href=\"https:\/\/pre.ceramicaterracuita.com\/de\/productos\/ceramica-de-color\/\" data-quantity=\"1\" class=\"button product_type_simple\" data-product_id=\"4481\" data-product_sku=\"\" aria-label=\"Lese mehr \u00fcber &#8222;Cer\u00e1mica de color o terracota tradicional&#8220;\" rel=\"nofollow\">Weiterlesen<\/a><\/p><\/div><\/div><\/div><div class=\"bt_bb_separator bt_bb_bottom_spacing_medium bt_bb_border_style_none\"><\/div><\/div><\/div><div class=\"bt_bb_content_slider_item\" style=\"\"><div class=\"bt_bb_content_slider_item_content content\"><div class=\"bt_bb_single_product woocommerce\"><div class=\"bt_bb_single_product_image\"><img src=\"https:\/\/pre.ceramicaterracuita.com\/wp-content\/uploads\/2021\/02\/00turques_col.png\" alt=\"Turquesa\" title=\"Turquesa\" ><\/div><div class=\"bt_bb_single_product_content\"><div class=\"bt_bb_single_product_title\">Turquesa<\/div><div class=\"bt_bb_single_product_description\">Ideal para los turquoise lovers. \u00c9sta colecci\u00f3n ha sido el producto estrella, durante los \u00faltimos a\u00f1os, para componer una vajilla. Recuerda a la aguas cristalinas de nuestra isla&#8230;<br \/>\r\n<\/div><div class=\"bt_bb_single_product_price_cart\"><p class=\"product woocommerce add_to_cart_inline \" style=\"\"><a href=\"https:\/\/pre.ceramicaterracuita.com\/de\/productos\/turquesa\/\" data-quantity=\"1\" class=\"button product_type_simple\" data-product_id=\"3371\" data-product_sku=\"\" aria-label=\"Lese mehr \u00fcber &#8222;Turquesa&#8220;\" rel=\"nofollow\">Weiterlesen<\/a><\/p><\/div><\/div><\/div><div class=\"bt_bb_separator bt_bb_bottom_spacing_medium bt_bb_border_style_none\"><\/div><\/div><\/div><div class=\"bt_bb_content_slider_item\" style=\"\"><div class=\"bt_bb_content_slider_item_content content\"><div class=\"bt_bb_single_product woocommerce\"><div class=\"bt_bb_single_product_image\"><img src=\"https:\/\/pre.ceramicaterracuita.com\/wp-content\/uploads\/2021\/02\/00esquixat_col.png\" alt=\"Esquitxat, rallados, pincelados ...\u00a0\" title=\"Esquitxat, rallados, pincelados ...\u00a0\" ><\/div><div class=\"bt_bb_single_product_content\"><div class=\"bt_bb_single_product_title\">Esquitxat, rallados, pincelados &#8230;\u00a0<\/div><div class=\"bt_bb_single_product_description\">La cer\u00e1mica blanca permite muchos decorados. Aqu\u00ed nos recreamos pincelando, trazando lineas, circulos, ondas, salpicados\u2026. o simplemente bordeando de un color una pieza&#8230;<\/div><div class=\"bt_bb_single_product_price_cart\"><p class=\"product woocommerce add_to_cart_inline \" style=\"\"><a href=\"https:\/\/pre.ceramicaterracuita.com\/de\/productos\/esquitxat-rallado-pincelado\/\" data-quantity=\"1\" class=\"button product_type_simple\" data-product_id=\"4477\" data-product_sku=\"\" aria-label=\"Lese mehr \u00fcber &#8222;Esquitxat, rallados, pincelados ...\u00a0&#8220;\" rel=\"nofollow\">Weiterlesen<\/a><\/p><\/div><\/div><\/div><div class=\"bt_bb_separator bt_bb_bottom_spacing_medium bt_bb_border_style_none\"><\/div><\/div><\/div><\/div><\/div><\/div><\/div><\/div><\/div><\/div><\/div><\/div><\/div><\/section><\/div>","protected":false},"excerpt":{"rendered":"<p class=\"p1\"><span class=\"s1\">Aqu\u00ed es donde se aprecia m\u00e1s nuestro esp\u00edritu innovador. Ahora no s\u00f3lo tenemos cazuelas, como en nuestros inicios, sino tambi\u00e9n vajillas y otros art\u00edculos de cocina, ba\u00f1o y decoraci\u00f3n.<\/span><\/p>\n<p class=\"p1\"><span class=\"s1\">Pep le ha dado un aire innovador y creativo a la cer\u00e1mica sin perder la gran experiencia heredada de sus ancestros. Ha incorporado en el equipo ilustradoras y artistas para hacer, de cada pieza, una obra de arte.<\/span><\/p>\n<p class=\"p1\"><span class=\"s1\">Este es un estilo fresco, mediterr\u00e1neo y alegre. Din\u00e1mico y moldeado a nuestros tiempos.\u00a0 Principalmente, este tipo de decoraci\u00f3n se inspira en el mar, en la naturaleza, en las frutas y vegetaci\u00f3n local. En el arte, en la moda, en la tendencia de colores y formas.<\/span><\/p>\n","protected":false},"featured_media":4912,"comment_status":"closed","ping_status":"closed","template":"","meta":[],"_links":{"self":[{"href":"https:\/\/pre.ceramicaterracuita.com\/de\/wp-json\/wp\/v2\/product\/4476"}],"collection":[{"href":"https:\/\/pre.ceramicaterracuita.com\/de\/wp-json\/wp\/v2\/product"}],"about":[{"href":"https:\/\/pre.ceramicaterracuita.com\/de\/wp-json\/wp\/v2\/types\/product"}],"replies":[{"embeddable":true,"href":"https:\/\/pre.ceramicaterracuita.com\/de\/wp-json\/wp\/v2\/comments?post=4476"}],"wp:featuredmedia":[{"embeddable":true,"href":"https:\/\/pre.ceramicaterracuita.com\/de\/wp-json\/wp\/v2\/media\/4912"}],"wp:attachment":[{"href":"https:\/\/pre.ceramicaterracuita.com\/de\/wp-json\/wp\/v2\/media?parent=4476"}],"curies":[{"name":"wp","href":"https:\/\/api.w.org\/{rel}","templated":true}]}}