{"id":4760,"date":"2021-02-20T14:41:45","date_gmt":"2021-02-20T14:41:45","guid":{"rendered":"http:\/\/pre.ceramicaterracuita.com\/?page_id=4760"},"modified":"2021-04-01T16:19:23","modified_gmt":"2021-04-01T16:19:23","slug":"productos","status":"publish","type":"page","link":"https:\/\/pre.ceramicaterracuita.com\/ca\/productos\/","title":{"rendered":"Productes"},"content":{"rendered":"<div class=\"bt_bb_wrapper\"><section id=\"bt_bb_section69d7411cc9eb6\"  class=\"bt_bb_section bt_bb_top_spacing_small bt_bb_bottom_spacing_small bt_bb_layout_wide bt_bb_full_screen bt_bb_vertical_align_top graella\" style=\";background-color:#fcf8f2;\"><div class=\"bt_bb_port\"><div class=\"bt_bb_cell\"><div class=\"bt_bb_cell_inner\"><div class=\"bt_bb_row_wrapper\"><div  class=\"bt_bb_row graella1 bt_bb_column_gap_0\" ><div  class=\"bt_bb_column col-xl-4 col-xs-12 col-sm-12 col-md-12 col-lg-4 bt_bb_align_center bt_bb_vertical_align_middle bt_bb_animation_fade_in animate bt_bb_padding_normal\"  data-width=\"4\" data-bt-override-class=\"{}\"><div class=\"bt_bb_column_content\"><div class=\"bt_bb_column_content_inner\"><div class=\"bt_bb_image imgproduct bt_bb_shape_square bt_bb_align_inherit bt_bb_hover_style_simple bt_bb_content_display_show-on-hover bt_bb_content_align_middle bt_bb_content_exists\" data-bt-override-class=\"{&quot;bt_bb_align_&quot;:{&quot;current_class&quot;:&quot;bt_bb_align_inherit&quot;,&quot;xl&quot;:&quot;inherit&quot;}}\"><span><img width=\"800\" height=\"800\" src=\"https:\/\/pre.ceramicaterracuita.com\/wp-content\/uploads\/2021\/02\/00gres_opener800x800px.jpg\" class=\"attachment-full size-full\" alt=\"https:\/\/pre.ceramicaterracuita.com\/wp-content\/uploads\/2021\/02\/00gres_opener800x800px.jpg\" data-full_image_src=\"https:\/\/pre.ceramicaterracuita.com\/wp-content\/uploads\/2021\/02\/00gres_opener800x800px.jpg\" title=\"00gres_opener800x800px\" srcset=\"https:\/\/pre.ceramicaterracuita.com\/wp-content\/uploads\/2021\/02\/00gres_opener800x800px.jpg 800w, https:\/\/pre.ceramicaterracuita.com\/wp-content\/uploads\/2021\/02\/00gres_opener800x800px-640x640.jpg 640w, https:\/\/pre.ceramicaterracuita.com\/wp-content\/uploads\/2021\/02\/00gres_opener800x800px-160x160.jpg 160w, https:\/\/pre.ceramicaterracuita.com\/wp-content\/uploads\/2021\/02\/00gres_opener800x800px-768x768.jpg 768w, https:\/\/pre.ceramicaterracuita.com\/wp-content\/uploads\/2021\/02\/00gres_opener800x800px-320x320.jpg 320w, https:\/\/pre.ceramicaterracuita.com\/wp-content\/uploads\/2021\/02\/00gres_opener800x800px-100x100.jpg 100w\" sizes=\"(max-width: 800px) 100vw, 800px\" \/><\/span><div class=\"bt_bb_image_content\"><div class=\"bt_bb_image_content_flex\"><div class=\"bt_bb_image_content_inner\"><div class=\"bt_bb_simple_single_product woocommerce\"><div class=\"bt_bb_simple_single_product_title\">Gres<\/div><div class=\"bt_bb_simple_single_product_price_cart\"><p class=\"product woocommerce add_to_cart_inline \" style=\"\"><a href=\"https:\/\/pre.ceramicaterracuita.com\/productos\/gres\/\" data-quantity=\"1\" class=\"button product_type_simple\" data-product_id=\"4478\" data-product_sku=\"\" aria-label=\"M\u00e9s informaci\u00f3 sobre &ldquo;Gres&rdquo;\" rel=\"nofollow\">Llegeix m\u00e9s<\/a><\/p><\/div><\/div><\/div><\/div><\/div><\/div><\/div><\/div><\/div><div  class=\"bt_bb_column col-xl-4 col-xs-12 col-sm-12 col-md-12 col-lg-4 bt_bb_align_center bt_bb_vertical_align_middle bt_bb_animation_fade_in animate bt_bb_padding_normal\"  data-width=\"4\" data-bt-override-class=\"{}\"><div class=\"bt_bb_column_content\"><div class=\"bt_bb_column_content_inner\"><div class=\"bt_bb_image imgproduct bt_bb_shape_square bt_bb_align_inherit bt_bb_hover_style_simple bt_bb_content_display_show-on-hover bt_bb_content_align_middle bt_bb_content_exists\" data-bt-override-class=\"{&quot;bt_bb_align_&quot;:{&quot;current_class&quot;:&quot;bt_bb_align_inherit&quot;,&quot;xl&quot;:&quot;inherit&quot;}}\"><span><img width=\"800\" height=\"800\" src=\"https:\/\/pre.ceramicaterracuita.com\/wp-content\/uploads\/2021\/02\/00turques_opener800x800px-copia-1.jpg\" class=\"attachment-full size-full\" alt=\"https:\/\/pre.ceramicaterracuita.com\/wp-content\/uploads\/2021\/02\/00turques_opener800x800px-copia-1.jpg\" data-full_image_src=\"https:\/\/pre.ceramicaterracuita.com\/wp-content\/uploads\/2021\/02\/00turques_opener800x800px-copia-1.jpg\" title=\"00turques_opener800x800px copia\" srcset=\"https:\/\/pre.ceramicaterracuita.com\/wp-content\/uploads\/2021\/02\/00turques_opener800x800px-copia-1.jpg 800w, https:\/\/pre.ceramicaterracuita.com\/wp-content\/uploads\/2021\/02\/00turques_opener800x800px-copia-1-640x640.jpg 640w, https:\/\/pre.ceramicaterracuita.com\/wp-content\/uploads\/2021\/02\/00turques_opener800x800px-copia-1-160x160.jpg 160w, https:\/\/pre.ceramicaterracuita.com\/wp-content\/uploads\/2021\/02\/00turques_opener800x800px-copia-1-768x768.jpg 768w, https:\/\/pre.ceramicaterracuita.com\/wp-content\/uploads\/2021\/02\/00turques_opener800x800px-copia-1-320x320.jpg 320w, https:\/\/pre.ceramicaterracuita.com\/wp-content\/uploads\/2021\/02\/00turques_opener800x800px-copia-1-100x100.jpg 100w\" sizes=\"(max-width: 800px) 100vw, 800px\" \/><\/span><div class=\"bt_bb_image_content\"><div class=\"bt_bb_image_content_flex\"><div class=\"bt_bb_image_content_inner\"><div class=\"bt_bb_simple_single_product woocommerce\"><div class=\"bt_bb_simple_single_product_title\">Turquesa<\/div><div class=\"bt_bb_simple_single_product_price_cart\"><p class=\"product woocommerce add_to_cart_inline \" style=\"\"><a href=\"https:\/\/pre.ceramicaterracuita.com\/productos\/turquesa\/\" data-quantity=\"1\" class=\"button product_type_simple\" data-product_id=\"3371\" data-product_sku=\"\" aria-label=\"M\u00e9s informaci\u00f3 sobre &ldquo;Turquesa&rdquo;\" rel=\"nofollow\">Llegeix m\u00e9s<\/a><\/p><\/div><\/div><\/div><\/div><\/div><\/div><\/div><\/div><\/div><div  class=\"bt_bb_column col-xl-4 col-xs-12 col-sm-12 col-md-12 col-lg-4 bt_bb_align_center bt_bb_vertical_align_middle bt_bb_animation_fade_in animate bt_bb_padding_normal\"  data-width=\"4\" data-bt-override-class=\"{}\"><div class=\"bt_bb_column_content\"><div class=\"bt_bb_column_content_inner\"><div class=\"bt_bb_image imgproduct bt_bb_shape_square bt_bb_align_inherit bt_bb_hover_style_simple bt_bb_content_display_show-on-hover bt_bb_content_align_middle bt_bb_content_exists\" data-bt-override-class=\"{&quot;bt_bb_align_&quot;:{&quot;current_class&quot;:&quot;bt_bb_align_inherit&quot;,&quot;xl&quot;:&quot;inherit&quot;}}\"><span><img width=\"800\" height=\"800\" src=\"https:\/\/pre.ceramicaterracuita.com\/wp-content\/uploads\/2021\/02\/00tradicional_opener800x800px-copia.jpg\" class=\"attachment-full size-full\" alt=\"https:\/\/pre.ceramicaterracuita.com\/wp-content\/uploads\/2021\/02\/00tradicional_opener800x800px-copia.jpg\" data-full_image_src=\"https:\/\/pre.ceramicaterracuita.com\/wp-content\/uploads\/2021\/02\/00tradicional_opener800x800px-copia.jpg\" title=\"00tradicional_opener800x800px copia\" srcset=\"https:\/\/pre.ceramicaterracuita.com\/wp-content\/uploads\/2021\/02\/00tradicional_opener800x800px-copia.jpg 800w, https:\/\/pre.ceramicaterracuita.com\/wp-content\/uploads\/2021\/02\/00tradicional_opener800x800px-copia-640x640.jpg 640w, https:\/\/pre.ceramicaterracuita.com\/wp-content\/uploads\/2021\/02\/00tradicional_opener800x800px-copia-160x160.jpg 160w, https:\/\/pre.ceramicaterracuita.com\/wp-content\/uploads\/2021\/02\/00tradicional_opener800x800px-copia-768x768.jpg 768w, https:\/\/pre.ceramicaterracuita.com\/wp-content\/uploads\/2021\/02\/00tradicional_opener800x800px-copia-320x320.jpg 320w, https:\/\/pre.ceramicaterracuita.com\/wp-content\/uploads\/2021\/02\/00tradicional_opener800x800px-copia-100x100.jpg 100w\" sizes=\"(max-width: 800px) 100vw, 800px\" \/><\/span><div class=\"bt_bb_image_content\"><div class=\"bt_bb_image_content_flex\"><div class=\"bt_bb_image_content_inner\"><div class=\"bt_bb_simple_single_product woocommerce\"><div class=\"bt_bb_simple_single_product_title\">Cer\u00e1mica de color o terracota tradicional<\/div><div class=\"bt_bb_simple_single_product_price_cart\"><p class=\"product woocommerce add_to_cart_inline \" style=\"\"><a href=\"https:\/\/pre.ceramicaterracuita.com\/productos\/ceramica-de-color\/\" data-quantity=\"1\" class=\"button product_type_simple\" data-product_id=\"4481\" data-product_sku=\"\" aria-label=\"M\u00e9s informaci\u00f3 sobre &ldquo;Cer\u00e1mica de color o terracota tradicional&rdquo;\" rel=\"nofollow\">Llegeix m\u00e9s<\/a><\/p><\/div><\/div><\/div><\/div><\/div><\/div><\/div><\/div><\/div><\/div><\/div><div class=\"bt_bb_row_wrapper\"><div  class=\"bt_bb_row bt_bb_column_gap_0\" ><div  class=\"bt_bb_column col-xl-4 col-xs-12 col-sm-12 col-md-12 col-lg-4 bt_bb_align_center bt_bb_vertical_align_middle bt_bb_animation_fade_in animate bt_bb_padding_normal\"  data-width=\"4\" data-bt-override-class=\"{}\"><div class=\"bt_bb_column_content\"><div class=\"bt_bb_column_content_inner\"><div class=\"bt_bb_image imgproduct bt_bb_shape_square bt_bb_align_inherit bt_bb_hover_style_simple bt_bb_content_display_show-on-hover bt_bb_content_align_middle bt_bb_content_exists\" style=\"height:400px; overflow: hidden;\" data-bt-override-class=\"{&quot;bt_bb_align_&quot;:{&quot;current_class&quot;:&quot;bt_bb_align_inherit&quot;,&quot;xl&quot;:&quot;inherit&quot;}}\"><span><img width=\"880\" height=\"750\" src=\"https:\/\/pre.ceramicaterracuita.com\/wp-content\/uploads\/2021\/02\/c5_detallegran.jpg\" class=\"attachment-full size-full\" alt=\"https:\/\/pre.ceramicaterracuita.com\/wp-content\/uploads\/2021\/02\/c5_detallegran.jpg\" data-full_image_src=\"https:\/\/pre.ceramicaterracuita.com\/wp-content\/uploads\/2021\/02\/c5_detallegran.jpg\" title=\"c5_detallegran\" srcset=\"https:\/\/pre.ceramicaterracuita.com\/wp-content\/uploads\/2021\/02\/c5_detallegran.jpg 880w, https:\/\/pre.ceramicaterracuita.com\/wp-content\/uploads\/2021\/02\/c5_detallegran-640x545.jpg 640w, https:\/\/pre.ceramicaterracuita.com\/wp-content\/uploads\/2021\/02\/c5_detallegran-768x655.jpg 768w, https:\/\/pre.ceramicaterracuita.com\/wp-content\/uploads\/2021\/02\/c5_detallegran-320x273.jpg 320w, https:\/\/pre.ceramicaterracuita.com\/wp-content\/uploads\/2021\/02\/c5_detallegran-800x682.jpg 800w\" sizes=\"(max-width: 880px) 100vw, 880px\" \/><\/span><div class=\"bt_bb_image_content\"><div class=\"bt_bb_image_content_flex\"><div class=\"bt_bb_image_content_inner\"><div class=\"bt_bb_simple_single_product woocommerce\"><div class=\"bt_bb_simple_single_product_title\">Esquitxat, rallados, pincelados ...\u00a0<\/div><div class=\"bt_bb_simple_single_product_price_cart\"><p class=\"product woocommerce add_to_cart_inline \" style=\"\"><a href=\"https:\/\/pre.ceramicaterracuita.com\/productos\/esquitxat-rallado-pincelado\/\" data-quantity=\"1\" class=\"button product_type_simple\" data-product_id=\"4477\" data-product_sku=\"\" aria-label=\"M\u00e9s informaci\u00f3 sobre &ldquo;Esquitxat, rallados, pincelados ...\u00a0&rdquo;\" rel=\"nofollow\">Llegeix m\u00e9s<\/a><\/p><\/div><\/div><\/div><\/div><\/div><\/div><\/div><\/div><\/div><div  class=\"bt_bb_column col-xl-4 col-xs-12 col-sm-12 col-md-12 col-lg-4 bt_bb_align_center bt_bb_vertical_align_middle bt_bb_animation_fade_in animate bt_bb_padding_normal\"  data-width=\"4\" data-bt-override-class=\"{}\"><div class=\"bt_bb_column_content\"><div class=\"bt_bb_column_content_inner\"><div class=\"bt_bb_image imgproduct bt_bb_shape_square bt_bb_align_inherit bt_bb_hover_style_simple bt_bb_content_display_show-on-hover bt_bb_content_align_middle bt_bb_content_exists\" style=\"height:400px; overflow: hidden;\" data-bt-override-class=\"{&quot;bt_bb_align_&quot;:{&quot;current_class&quot;:&quot;bt_bb_align_inherit&quot;,&quot;xl&quot;:&quot;inherit&quot;}}\"><span><img width=\"880\" height=\"750\" src=\"https:\/\/pre.ceramicaterracuita.com\/wp-content\/uploads\/2021\/02\/c2_detallegran.jpg\" class=\"attachment-full size-full\" alt=\"https:\/\/pre.ceramicaterracuita.com\/wp-content\/uploads\/2021\/02\/c2_detallegran.jpg\" data-full_image_src=\"https:\/\/pre.ceramicaterracuita.com\/wp-content\/uploads\/2021\/02\/c2_detallegran.jpg\" title=\"c2_detallegran\" srcset=\"https:\/\/pre.ceramicaterracuita.com\/wp-content\/uploads\/2021\/02\/c2_detallegran.jpg 880w, https:\/\/pre.ceramicaterracuita.com\/wp-content\/uploads\/2021\/02\/c2_detallegran-640x545.jpg 640w, https:\/\/pre.ceramicaterracuita.com\/wp-content\/uploads\/2021\/02\/c2_detallegran-768x655.jpg 768w, https:\/\/pre.ceramicaterracuita.com\/wp-content\/uploads\/2021\/02\/c2_detallegran-320x273.jpg 320w, https:\/\/pre.ceramicaterracuita.com\/wp-content\/uploads\/2021\/02\/c2_detallegran-800x682.jpg 800w\" sizes=\"(max-width: 880px) 100vw, 880px\" \/><\/span><div class=\"bt_bb_image_content\"><div class=\"bt_bb_image_content_flex\"><div class=\"bt_bb_image_content_inner\"><div class=\"bt_bb_simple_single_product woocommerce btNoWooProduct\"><\/div><\/div><\/div><\/div><\/div><\/div><\/div><\/div><div  class=\"bt_bb_column col-xl-4 col-xs-12 col-sm-12 col-md-12 col-lg-4 bt_bb_align_center bt_bb_vertical_align_middle bt_bb_animation_fade_in animate bt_bb_padding_normal\"  data-width=\"4\" data-bt-override-class=\"{}\"><div class=\"bt_bb_column_content\"><div class=\"bt_bb_column_content_inner\"><div class=\"bt_bb_image imgproduct bt_bb_shape_square bt_bb_align_inherit bt_bb_hover_style_simple bt_bb_content_display_show-on-hover bt_bb_content_align_middle bt_bb_content_exists\" style=\"height:400px; overflow: hidden;\" data-bt-override-class=\"{&quot;bt_bb_align_&quot;:{&quot;current_class&quot;:&quot;bt_bb_align_inherit&quot;,&quot;xl&quot;:&quot;inherit&quot;}}\"><span><img width=\"400\" height=\"400\" src=\"https:\/\/pre.ceramicaterracuita.com\/wp-content\/uploads\/2021\/02\/encargo1.jpg\" class=\"attachment-full size-full\" alt=\"https:\/\/pre.ceramicaterracuita.com\/wp-content\/uploads\/2021\/02\/encargo1.jpg\" data-full_image_src=\"https:\/\/pre.ceramicaterracuita.com\/wp-content\/uploads\/2021\/02\/encargo1.jpg\" title=\"encargo1\" srcset=\"https:\/\/pre.ceramicaterracuita.com\/wp-content\/uploads\/2021\/02\/encargo1.jpg 400w, https:\/\/pre.ceramicaterracuita.com\/wp-content\/uploads\/2021\/02\/encargo1-160x160.jpg 160w, https:\/\/pre.ceramicaterracuita.com\/wp-content\/uploads\/2021\/02\/encargo1-320x320.jpg 320w, https:\/\/pre.ceramicaterracuita.com\/wp-content\/uploads\/2021\/02\/encargo1-100x100.jpg 100w\" sizes=\"(max-width: 400px) 100vw, 400px\" \/><\/span><div class=\"bt_bb_image_content\"><div class=\"bt_bb_image_content_flex\"><div class=\"bt_bb_image_content_inner\"><div class=\"bt_bb_simple_single_product woocommerce\"><div class=\"bt_bb_simple_single_product_title\">Piezas especiales<\/div><div class=\"bt_bb_simple_single_product_price_cart\"><p class=\"product woocommerce add_to_cart_inline \" style=\"\"><a href=\"https:\/\/pre.ceramicaterracuita.com\/productos\/decoracion-tematica\/\" data-quantity=\"1\" class=\"button product_type_simple\" data-product_id=\"4476\" data-product_sku=\"\" aria-label=\"M\u00e9s informaci\u00f3 sobre &ldquo;Piezas especiales&rdquo;\" rel=\"nofollow\">Llegeix m\u00e9s<\/a><\/p><\/div><\/div><\/div><\/div><\/div><\/div><\/div><\/div><\/div><\/div><\/div><div class=\"bt_bb_row_wrapper\"><div  class=\"bt_bb_row bt_bb_column_gap_0\" ><div  class=\"bt_bb_column col-xl-4 col-xs-12 col-sm-12 col-md-12 col-lg-4 bt_bb_align_center bt_bb_vertical_align_middle bt_bb_animation_fade_in animate bt_bb_padding_normal\"  data-width=\"4\" data-bt-override-class=\"{}\"><div class=\"bt_bb_column_content\"><div class=\"bt_bb_column_content_inner\"><div class=\"bt_bb_image imgproduct bt_bb_shape_square bt_bb_align_inherit bt_bb_hover_style_simple bt_bb_content_display_show-on-hover bt_bb_content_align_middle bt_bb_content_exists\" data-bt-override-class=\"{&quot;bt_bb_align_&quot;:{&quot;current_class&quot;:&quot;bt_bb_align_inherit&quot;,&quot;xl&quot;:&quot;inherit&quot;}}\"><span><img width=\"800\" height=\"800\" src=\"https:\/\/pre.ceramicaterracuita.com\/wp-content\/uploads\/2021\/03\/historia_800x800.jpg\" class=\"attachment-full size-full\" alt=\"https:\/\/pre.ceramicaterracuita.com\/wp-content\/uploads\/2021\/03\/historia_800x800.jpg\" data-full_image_src=\"https:\/\/pre.ceramicaterracuita.com\/wp-content\/uploads\/2021\/03\/historia_800x800.jpg\" title=\"historia_800x800\" srcset=\"https:\/\/pre.ceramicaterracuita.com\/wp-content\/uploads\/2021\/03\/historia_800x800.jpg 800w, https:\/\/pre.ceramicaterracuita.com\/wp-content\/uploads\/2021\/03\/historia_800x800-640x640.jpg 640w, https:\/\/pre.ceramicaterracuita.com\/wp-content\/uploads\/2021\/03\/historia_800x800-160x160.jpg 160w, https:\/\/pre.ceramicaterracuita.com\/wp-content\/uploads\/2021\/03\/historia_800x800-768x768.jpg 768w, https:\/\/pre.ceramicaterracuita.com\/wp-content\/uploads\/2021\/03\/historia_800x800-320x320.jpg 320w, https:\/\/pre.ceramicaterracuita.com\/wp-content\/uploads\/2021\/03\/historia_800x800-100x100.jpg 100w\" sizes=\"(max-width: 800px) 100vw, 800px\" \/><\/span><div class=\"bt_bb_image_content\"><div class=\"bt_bb_image_content_flex\"><div class=\"bt_bb_image_content_inner\"><div class=\"bt_bb_simple_single_product woocommerce\"><div class=\"bt_bb_simple_single_product_title\">Regals, Artesan\u00eda & Decoraci\u00f3 diversa<\/div><div class=\"bt_bb_simple_single_product_price_cart\"><p class=\"product woocommerce add_to_cart_inline \" style=\"\"><a href=\"https:\/\/pre.ceramicaterracuita.com\/ca\/productes\/regals-artesania-decoracio-diversa\/\" data-quantity=\"1\" class=\"button product_type_simple\" data-product_id=\"5073\" data-product_sku=\"\" aria-label=\"M\u00e9s informaci\u00f3 sobre &ldquo;Regals, Artesan\u00eda &amp; Decoraci\u00f3 diversa&rdquo;\" rel=\"nofollow\">Llegeix m\u00e9s<\/a><\/p><\/div><\/div><\/div><\/div><\/div><\/div><\/div><\/div><\/div><div  class=\"bt_bb_column col-xl-4 col-xs-12 col-sm-12 col-md-12 col-lg-4 bt_bb_align_center bt_bb_vertical_align_middle bt_bb_animation_fade_in animate bt_bb_padding_normal\"  data-width=\"4\" data-bt-override-class=\"{}\"><div class=\"bt_bb_column_content\"><div class=\"bt_bb_column_content_inner\"><\/div><\/div><\/div><div  class=\"bt_bb_column col-xl-4 col-xs-12 col-sm-12 col-md-12 col-lg-4 bt_bb_align_center bt_bb_vertical_align_middle bt_bb_animation_fade_in animate bt_bb_padding_normal\"  data-width=\"4\" data-bt-override-class=\"{}\"><div class=\"bt_bb_column_content\"><div class=\"bt_bb_column_content_inner\"><\/div><\/div><\/div><\/div><\/div><div class=\"bt_bb_row_wrapper\"><div  class=\"bt_bb_row bt_bb_column_gap_0\" ><\/div><\/div><\/div><\/div><\/div><\/section><section id=\"bt_bb_section69d7411ccef30\" data-parallax=\"0\" data-parallax-offset=\"0\" class=\"bt_bb_section bt_bb_layout_boxed_1500 bt_bb_full_screen bt_bb_vertical_align_top bt_bb_background_image bt_bb_parallax banner1\" style=\"background-image:url(&#039;https:\/\/pre.ceramicaterracuita.com\/wp-content\/uploads\/2021\/02\/unnamed-1-scaled-e1612431827534.jpg&#039;);\"><div class=\"bt_bb_port\"><div class=\"bt_bb_cell\"><div class=\"bt_bb_cell_inner\"><div class=\"bt_bb_row_wrapper\"><div  class=\"bt_bb_row\" ><div  class=\"bt_bb_column col-xl-6 bt_bb_align_center bt_bb_vertical_align_middle bt_bb_animation_fade_in animate bt_bb_padding_double\"  data-width=\"6\" data-bt-override-class=\"{}\"><div class=\"bt_bb_column_content\"><div class=\"bt_bb_column_content_inner\"><div class=\"bt_bb_separator bt_bb_top_spacing_medium bt_bb_bottom_spacing_medium bt_bb_border_style_none\"><\/div><header class=\"bt_bb_headline bt_bb_color_scheme_13 bt_bb_dash_none bt_bb_size_medium bt_bb_subheadline bt_bb_align_inherit\" style=\"color:white;;color:#ffffff;border-color:#ffffff;\" data-bt-override-class=\"{&quot;bt_bb_size_&quot;:{&quot;current_class&quot;:&quot;bt_bb_size_medium&quot;,&quot;xl&quot;:&quot;medium&quot;},&quot;bt_bb_align_&quot;:{&quot;current_class&quot;:&quot;bt_bb_align_inherit&quot;,&quot;xl&quot;:&quot;inherit&quot;}}\"><h1 class=\"bt_bb_headline_tag\"><span class=\"bt_bb_headline_content\"><span>DARRERA CADA PE\u00c7A HI HA UNA HIST\u00d2RIA<\/span><\/span><\/h1><div class=\"bt_bb_headline_subheadline\">L'ofici de ceramista es remonta cinc generacions a la nostra familia, heredant-se de pares a fills de la mateixa forma que ho han fet els nostres noms i cognoms.<\/div><\/header><div class=\"bt_bb_separator bt_bb_top_spacing_normal bt_bb_border_style_none\"><\/div><div class=\"bt_bb_button bt_bb_icon_position_left bt_bb_color_scheme_6 bt_bb_style_outline bt_bb_size_normal bt_bb_width_inline bt_bb_shape_inherit bt_bb_align_inherit\" data-bt-override-class=\"{&quot;bt_bb_size_&quot;:{&quot;current_class&quot;:&quot;bt_bb_size_normal&quot;,&quot;xl&quot;:&quot;normal&quot;},&quot;bt_bb_align_&quot;:{&quot;current_class&quot;:&quot;bt_bb_align_inherit&quot;,&quot;xl&quot;:&quot;inherit&quot;}}\"><a href=\"https:\/\/pre.ceramicaterracuita.com\/quienes-somos\/\" target=\"_self\" class=\"bt_bb_link\" title=\"m\u00e9s info\"><span class=\"bt_bb_button_text\">m\u00e9s info<\/span><\/a><\/div><div class=\"bt_bb_separator bt_bb_top_spacing_medium bt_bb_bottom_spacing_medium bt_bb_border_style_none\"><\/div><\/div><\/div><\/div><div  class=\"bt_bb_column col-xl-6 bt_bb_align_left bt_bb_vertical_align_top bt_bb_animation_fade_in animate bt_bb_padding_normal\"  data-width=\"6\" data-bt-override-class=\"{}\"><div class=\"bt_bb_column_content\"><div class=\"bt_bb_column_content_inner\"><\/div><\/div><\/div><\/div><\/div><div class=\"bt_bb_row_wrapper\"><div  class=\"bt_bb_row\" ><div  class=\"bt_bb_column col-xl-12 bt_bb_align_left bt_bb_vertical_align_top bt_bb_padding_normal\"  data-width=\"12\" data-bt-override-class=\"{}\"><div class=\"bt_bb_column_content\"><div class=\"bt_bb_column_content_inner\"><\/div><\/div><\/div><\/div><\/div><\/div><\/div><\/div><\/section><\/div>","protected":false},"excerpt":{"rendered":"<p>\t\t\t\tThis is an example page. It&#8217;s different from a blog post because it will stay in one place and will show up in your site navigation (in most themes).\t\t<\/p>\n","protected":false},"author":1,"featured_media":0,"parent":0,"menu_order":0,"comment_status":"closed","ping_status":"closed","template":"","meta":[],"_links":{"self":[{"href":"https:\/\/pre.ceramicaterracuita.com\/ca\/wp-json\/wp\/v2\/pages\/4760"}],"collection":[{"href":"https:\/\/pre.ceramicaterracuita.com\/ca\/wp-json\/wp\/v2\/pages"}],"about":[{"href":"https:\/\/pre.ceramicaterracuita.com\/ca\/wp-json\/wp\/v2\/types\/page"}],"author":[{"embeddable":true,"href":"https:\/\/pre.ceramicaterracuita.com\/ca\/wp-json\/wp\/v2\/users\/1"}],"replies":[{"embeddable":true,"href":"https:\/\/pre.ceramicaterracuita.com\/ca\/wp-json\/wp\/v2\/comments?post=4760"}],"version-history":[{"count":5,"href":"https:\/\/pre.ceramicaterracuita.com\/ca\/wp-json\/wp\/v2\/pages\/4760\/revisions"}],"predecessor-version":[{"id":5076,"href":"https:\/\/pre.ceramicaterracuita.com\/ca\/wp-json\/wp\/v2\/pages\/4760\/revisions\/5076"}],"wp:attachment":[{"href":"https:\/\/pre.ceramicaterracuita.com\/ca\/wp-json\/wp\/v2\/media?parent=4760"}],"curies":[{"name":"wp","href":"https:\/\/api.w.org\/{rel}","templated":true}]}}