{"id":4738,"date":"2021-02-18T19:29:45","date_gmt":"2021-02-18T19:29:45","guid":{"rendered":"http:\/\/pre.ceramicaterracuita.com\/?page_id=4738"},"modified":"2021-02-25T16:22:03","modified_gmt":"2021-02-25T16:22:03","slug":"quienes-somos","status":"publish","type":"page","link":"https:\/\/pre.ceramicaterracuita.com\/ca\/quienes-somos\/","title":{"rendered":"Qui som"},"content":{"rendered":"<div class=\"bt_bb_wrapper\"><section id=\"bt_bb_section69d755bb519c4\"  class=\"bt_bb_section bt_bb_color_scheme_2 bt_bb_layout_wide bt_bb_full_screen bt_bb_vertical_align_middle quienessomosdiv\" style=\";background-color:#ffffff;\"><div class=\"bt_bb_port\"><div class=\"bt_bb_cell\"><div class=\"bt_bb_cell_inner\"><div class=\"bt_bb_row_wrapper\"><div  class=\"bt_bb_row\" ><div  class=\"bt_bb_column col-xl-6 bt_bb_align_left bt_bb_vertical_align_middle bt_bb_padding_normal\"  data-width=\"6\" data-bt-override-class=\"{}\"><div class=\"bt_bb_column_content\"><div class=\"bt_bb_column_content_inner\"><div class=\"bt_bb_image bt_bb_shape_square bt_bb_align_inherit bt_bb_hover_style_simple bt_bb_content_display_always bt_bb_content_align_middle\" data-bt-override-class=\"{&quot;bt_bb_align_&quot;:{&quot;current_class&quot;:&quot;bt_bb_align_inherit&quot;,&quot;xl&quot;:&quot;inherit&quot;}}\"><span><img width=\"880\" height=\"750\" src=\"https:\/\/pre.ceramicaterracuita.com\/wp-content\/uploads\/2021\/02\/quienessomosterraceramica.jpg\" class=\"attachment-full size-full\" alt=\"https:\/\/pre.ceramicaterracuita.com\/wp-content\/uploads\/2021\/02\/quienessomosterraceramica.jpg\" loading=\"lazy\" data-full_image_src=\"https:\/\/pre.ceramicaterracuita.com\/wp-content\/uploads\/2021\/02\/quienessomosterraceramica.jpg\" title=\"quienessomosterraceramica\" srcset=\"https:\/\/pre.ceramicaterracuita.com\/wp-content\/uploads\/2021\/02\/quienessomosterraceramica.jpg 880w, https:\/\/pre.ceramicaterracuita.com\/wp-content\/uploads\/2021\/02\/quienessomosterraceramica-640x545.jpg 640w, https:\/\/pre.ceramicaterracuita.com\/wp-content\/uploads\/2021\/02\/quienessomosterraceramica-768x655.jpg 768w, https:\/\/pre.ceramicaterracuita.com\/wp-content\/uploads\/2021\/02\/quienessomosterraceramica-320x273.jpg 320w, https:\/\/pre.ceramicaterracuita.com\/wp-content\/uploads\/2021\/02\/quienessomosterraceramica-800x682.jpg 800w\" sizes=\"(max-width: 880px) 100vw, 880px\" \/><\/span><\/div><\/div><\/div><\/div><div  class=\"bt_bb_column col-xl-6 bt_bb_align_left bt_bb_vertical_align_middle bt_bb_padding_double\"  data-width=\"6\" data-bt-override-class=\"{}\"><div class=\"bt_bb_column_content\"><div class=\"bt_bb_column_content_inner\"><div class=\"bt_bb_separator bt_bb_top_spacing_medium bt_bb_bottom_spacing_medium bt_bb_border_style_none\"><\/div><header class=\"bt_bb_headline bt_bb_dash_none bt_bb_size_inherit bt_bb_align_inherit\" data-bt-override-class=\"{&quot;bt_bb_size_&quot;:{&quot;current_class&quot;:&quot;bt_bb_size_inherit&quot;,&quot;xl&quot;:&quot;inherit&quot;},&quot;bt_bb_align_&quot;:{&quot;current_class&quot;:&quot;bt_bb_align_inherit&quot;,&quot;xl&quot;:&quot;inherit&quot;}}\"><h2 class=\"bt_bb_headline_tag\"><span class=\"bt_bb_headline_content\"><span>5 GENERACIONS EN FAMILIA<\/span><\/span><\/h2><\/header><div class=\"bt_bb_separator bt_bb_top_spacing_small bt_bb_bottom_spacing_small bt_bb_border_style_none\"><\/div><div  class=\"bt_bb_text\" ><h6>Som artesans desde 1860.<\/h6>\n<p>L&#8217;ofici de ceramista es remonta cinc generacions a la nostra familia, heredant de pares a fills de la mateixa forma que ho han fet els nostres noms i llintages. Tot va comen\u00e7ar amb un forn mor\u00fa aixecat al 1861 al voltant del qual es va construir una zona de torns i taller de modelat en una modesta barraca de fusta.<\/p>\n<p>A les nostres instal\u00b7lacions actuals tenim m\u00e9s espai i millors forns, no obstant conservam el taller primigeni el qual hem integrat en el nostre espai de treball.<\/p>\n<p>De aquesta mateixa forma entenem la nostra professi\u00f3, innovant sense oblidar tota la experi\u00e8ncia acumulada i heretada dels nostres avantpassats.<\/p>\n<\/div><\/div><\/div><\/div><\/div><\/div><\/div><\/div><\/div><\/section><section id=\"bt_bb_section69d755bb51f40\"  class=\"bt_bb_section bt_bb_top_spacing_normal bt_bb_bottom_spacing_normal bt_bb_color_scheme_2 bt_bb_layout_boxed_1400 bt_bb_full_screen bt_bb_vertical_align_top\" style=\";background-color:#fcf8f2;\"><div class=\"bt_bb_port\"><div class=\"bt_bb_cell\"><div class=\"bt_bb_cell_inner\"><div class=\"bt_bb_row_wrapper\"><div  class=\"bt_bb_row\" style=\" background-color: rgba(252, 248, 242, 1);\"><div  class=\"bt_bb_column col-xl-4 bt_bb_align_left bt_bb_vertical_align_top bt_bb_padding_normal\"  data-width=\"4\" data-bt-override-class=\"{}\"><div class=\"bt_bb_column_content\"><div class=\"bt_bb_column_content_inner\"><div  class=\"bt_bb_row_inner\" ><div  class=\"bt_bb_column_inner col-xl-4 bt_bb_align_center bt_bb_vertical_align_top bt_bb_padding_normal\"  data-width=\"4\" data-bt-override-class=\"{&quot;bt_bb_align_&quot;:{&quot;current_class&quot;:&quot;bt_bb_align_center&quot;,&quot;xl&quot;:&quot;center&quot;,&quot;lg&quot;:&quot;right&quot;,&quot;md&quot;:&quot;center&quot;,&quot;sm&quot;:&quot;center&quot;,&quot;xs&quot;:&quot;center&quot;}}\"><div class=\"bt_bb_column_inner_content\"><div class=\"bt_bb_icon bt_bb_style_borderless bt_bb_size_large bt_bb_shape_circle bt_bb_align_inherit\" data-bt-override-class=\"{}\"><span  data-ico-design=\"&#xe907;\" class=\"bt_bb_icon_holder\"><\/span><\/div><\/div><\/div><div  class=\"bt_bb_column_inner col-xl-8 bt_bb_align_left bt_bb_vertical_align_top\"  data-width=\"8\" data-bt-override-class=\"{}\"><div class=\"bt_bb_column_inner_content\"><div  class=\"bt_bb_text\" ><h6>ARTESAN\u00cdA<\/h6>\n<p>El disseny personalizat, els jocs de colors i la imperfecci\u00f3 es fruit de lo artes\u00e0. La continua innovaci\u00f3 i joc de formes i pinzellades.<\/p>\n<\/div><\/div><\/div><\/div><\/div><\/div><\/div><div  class=\"bt_bb_column col-xl-4 bt_bb_align_left bt_bb_vertical_align_top bt_bb_padding_normal\"  data-width=\"4\" data-bt-override-class=\"{}\"><div class=\"bt_bb_column_content\"><div class=\"bt_bb_column_content_inner\"><div  class=\"bt_bb_row_inner\" ><div  class=\"bt_bb_column_inner col-xl-4 bt_bb_align_center bt_bb_vertical_align_top bt_bb_padding_normal\"  data-width=\"4\" data-bt-override-class=\"{&quot;bt_bb_align_&quot;:{&quot;current_class&quot;:&quot;bt_bb_align_center&quot;,&quot;xl&quot;:&quot;center&quot;,&quot;lg&quot;:&quot;right&quot;,&quot;md&quot;:&quot;center&quot;,&quot;sm&quot;:&quot;center&quot;,&quot;xs&quot;:&quot;center&quot;}}\"><div class=\"bt_bb_column_inner_content\"><div class=\"bt_bb_icon bt_bb_style_borderless bt_bb_size_large bt_bb_shape_circle bt_bb_align_inherit\" data-bt-override-class=\"{}\"><span  data-ico-design=\"&#xe948;\" class=\"bt_bb_icon_holder\"><\/span><\/div><\/div><\/div><div  class=\"bt_bb_column_inner col-xl-8 bt_bb_align_left bt_bb_vertical_align_top\"  data-width=\"8\" data-bt-override-class=\"{}\"><div class=\"bt_bb_column_inner_content\"><div  class=\"bt_bb_text\" ><h6>ESTIL I DISSENY<\/h6>\n<p>Donant un aire innovador i creatiu a la cer\u00e0mica sense perdre la gran experi\u00e8ncia heretada. Peces \u00faniques amb un estil fresc, mediterrani i alegre. Din\u00e0mic, modelat als nostres temps.<\/p>\n<\/div><\/div><\/div><\/div><\/div><\/div><\/div><div  class=\"bt_bb_column col-xl-4 bt_bb_align_left bt_bb_vertical_align_top bt_bb_padding_normal\"  data-width=\"4\" data-bt-override-class=\"{}\"><div class=\"bt_bb_column_content\"><div class=\"bt_bb_column_content_inner\"><div  class=\"bt_bb_row_inner\" ><div  class=\"bt_bb_column_inner col-xl-4 bt_bb_align_right bt_bb_vertical_align_top bt_bb_padding_normal\"  data-width=\"4\" data-bt-override-class=\"{&quot;bt_bb_align_&quot;:{&quot;current_class&quot;:&quot;bt_bb_align_right&quot;,&quot;xl&quot;:&quot;right&quot;,&quot;lg&quot;:&quot;right&quot;,&quot;md&quot;:&quot;center&quot;,&quot;sm&quot;:&quot;center&quot;,&quot;xs&quot;:&quot;center&quot;}}\"><div class=\"bt_bb_column_inner_content\"><div class=\"bt_bb_icon bt_bb_style_borderless bt_bb_size_large bt_bb_shape_circle bt_bb_align_inherit\" data-bt-override-class=\"{}\"><span  data-ico-construction=\"&#xf149;\" class=\"bt_bb_icon_holder\"><\/span><\/div><\/div><\/div><div  class=\"bt_bb_column_inner col-xl-8 bt_bb_align_left bt_bb_vertical_align_top\"  data-width=\"8\" data-bt-override-class=\"{}\"><div class=\"bt_bb_column_inner_content\"><div  class=\"bt_bb_text\" ><h6>INSPIRACI\u00d3<\/h6>\n<p>El mar, la natura, les fruites i la vegetaci\u00f3 local ens dona la inspiraci\u00f3 principal, acompanyat per l&#8217;art, la moda i la tendencia de colors i formes.<\/p>\n<\/div><\/div><\/div><\/div><\/div><\/div><\/div><\/div><\/div><\/div><\/div><\/div><\/section><section id=\"bt_bb_section69d755bb52428\" data-parallax=\"0\" data-parallax-offset=\"0\" class=\"bt_bb_section bt_bb_layout_boxed_1400 bt_bb_full_screen bt_bb_vertical_align_top bt_bb_background_image bt_bb_parallax banner1\" style=\"background-image:url(&#039;https:\/\/pre.ceramicaterracuita.com\/wp-content\/uploads\/2021\/02\/unnamed-scaled.jpg&#039;);\"><div class=\"bt_bb_port\"><div class=\"bt_bb_cell\"><div class=\"bt_bb_cell_inner\"><div class=\"bt_bb_row_wrapper\"><div  class=\"bt_bb_row\" ><div  class=\"bt_bb_column col-xl-6 bt_bb_align_center bt_bb_vertical_align_middle bt_bb_animation_fade_in animate bt_bb_padding_double\"  data-width=\"6\" data-bt-override-class=\"{}\"><div class=\"bt_bb_column_content\"><div class=\"bt_bb_column_content_inner\"><div class=\"bt_bb_separator bt_bb_top_spacing_medium bt_bb_bottom_spacing_medium bt_bb_border_style_none\"><\/div><header class=\"bt_bb_headline bt_bb_color_scheme_13 bt_bb_dash_none bt_bb_size_medium bt_bb_subheadline bt_bb_align_inherit\" style=\"color:white;;color:#ffffff;border-color:#ffffff;\" data-bt-override-class=\"{&quot;bt_bb_size_&quot;:{&quot;current_class&quot;:&quot;bt_bb_size_medium&quot;,&quot;xl&quot;:&quot;medium&quot;},&quot;bt_bb_align_&quot;:{&quot;current_class&quot;:&quot;bt_bb_align_inherit&quot;,&quot;xl&quot;:&quot;inherit&quot;}}\"><h1 class=\"bt_bb_headline_tag\"><span class=\"bt_bb_headline_content\"><span>Fet a m\u00e0. Fet amb passi\u00f3.<\/span><\/span><\/h1><div class=\"bt_bb_headline_subheadline\">Donant un aire innovador i creatiu a la cer\u00e0mica modelam peces \u00faniques sense perdre la gran experi\u00e8ncia heretada. Plats, gots, bols, safates, saboneres, aix\u00ed com les tradicionals greixoneres i cassoles.<br \/>\r\n<\/div><\/header><div class=\"bt_bb_separator bt_bb_top_spacing_normal bt_bb_border_style_none\"><\/div><div class=\"bt_bb_button bt_bb_icon_position_left bt_bb_color_scheme_6 bt_bb_style_outline bt_bb_size_small bt_bb_width_inline bt_bb_shape_inherit bt_bb_align_inherit\" data-bt-override-class=\"{&quot;bt_bb_size_&quot;:{&quot;current_class&quot;:&quot;bt_bb_size_small&quot;,&quot;xl&quot;:&quot;small&quot;},&quot;bt_bb_align_&quot;:{&quot;current_class&quot;:&quot;bt_bb_align_inherit&quot;,&quot;xl&quot;:&quot;inherit&quot;}}\"><a href=\"https:\/\/pre.ceramicaterracuita.com\/productos\/\" target=\"_self\" class=\"bt_bb_link\" title=\"m\u00e9s info\"><span class=\"bt_bb_button_text\">m\u00e9s info<\/span><\/a><\/div><div class=\"bt_bb_separator bt_bb_top_spacing_medium bt_bb_bottom_spacing_medium bt_bb_border_style_none\"><\/div><\/div><\/div><\/div><div  class=\"bt_bb_column col-xl-6 bt_bb_align_left bt_bb_vertical_align_top bt_bb_animation_fade_in animate bt_bb_padding_normal\"  data-width=\"6\" data-bt-override-class=\"{}\"><div class=\"bt_bb_column_content\"><div class=\"bt_bb_column_content_inner\"><\/div><\/div><\/div><\/div><\/div><\/div><\/div><\/div><\/section><section id=\"bt_bb_section69d755bb5282f\"  class=\"bt_bb_section bt_bb_layout_wide bt_bb_full_screen bt_bb_vertical_align_top secciong\" style=\";background-color:#fcf8f2;\"><div class=\"bt_bb_port\"><div class=\"bt_bb_cell\"><div class=\"bt_bb_cell_inner\"><div class=\"bt_bb_row_wrapper\"><div  class=\"bt_bb_row bt_bb_column_gap_0\" ><div  class=\"bt_bb_column col-xl-4 bt_bb_align_center bt_bb_vertical_align_middle bt_bb_animation_fade_in animate bt_bb_padding_normal\"  data-width=\"4\" data-bt-override-class=\"{}\"><div class=\"bt_bb_column_content\"><div class=\"bt_bb_column_content_inner\"><div class=\"bt_bb_image bt_bb_shape_square bt_bb_align_inherit bt_bb_hover_style_simple bt_bb_content_display_always bt_bb_content_align_middle\" data-bt-override-class=\"{}\"><span><img width=\"381\" height=\"381\" src=\"https:\/\/pre.ceramicaterracuita.com\/wp-content\/uploads\/2021\/02\/IMG-20190510-WA0001_1558198766972.png\" class=\"attachment-full size-full\" alt=\"https:\/\/pre.ceramicaterracuita.com\/wp-content\/uploads\/2021\/02\/IMG-20190510-WA0001_1558198766972.png\" data-full_image_src=\"https:\/\/pre.ceramicaterracuita.com\/wp-content\/uploads\/2021\/02\/IMG-20190510-WA0001_1558198766972.png\" title=\"IMG-20190510-WA0001_1558198766972\" srcset=\"https:\/\/pre.ceramicaterracuita.com\/wp-content\/uploads\/2021\/02\/IMG-20190510-WA0001_1558198766972.png 381w, https:\/\/pre.ceramicaterracuita.com\/wp-content\/uploads\/2021\/02\/IMG-20190510-WA0001_1558198766972-100x100.png 100w, https:\/\/pre.ceramicaterracuita.com\/wp-content\/uploads\/2021\/02\/IMG-20190510-WA0001_1558198766972-160x160.png 160w, https:\/\/pre.ceramicaterracuita.com\/wp-content\/uploads\/2021\/02\/IMG-20190510-WA0001_1558198766972-320x320.png 320w, https:\/\/pre.ceramicaterracuita.com\/wp-content\/uploads\/2021\/02\/IMG-20190510-WA0001_1558198766972-300x300.png 300w\" sizes=\"(max-width: 381px) 100vw, 381px\" \/><\/span><\/div><\/div><\/div><\/div><div  class=\"bt_bb_column col-xl-4 bt_bb_align_center bt_bb_vertical_align_middle bt_bb_animation_fade_in animate bt_bb_padding_normal\"  data-width=\"4\" data-bt-override-class=\"{}\"><div class=\"bt_bb_column_content\"><div class=\"bt_bb_column_content_inner\"><div class=\"bt_bb_image bt_bb_shape_square bt_bb_align_inherit bt_bb_hover_style_simple bt_bb_content_display_always bt_bb_content_align_middle\" data-bt-override-class=\"{}\"><span><img width=\"370\" height=\"373\" src=\"https:\/\/pre.ceramicaterracuita.com\/wp-content\/uploads\/2021\/02\/Captura-de-pantalla-2020-11-16-a-las-13.11.21-e1612428838722.png\" class=\"attachment-full size-full\" alt=\"https:\/\/pre.ceramicaterracuita.com\/wp-content\/uploads\/2021\/02\/Captura-de-pantalla-2020-11-16-a-las-13.11.21-e1612428838722.png\" data-full_image_src=\"https:\/\/pre.ceramicaterracuita.com\/wp-content\/uploads\/2021\/02\/Captura-de-pantalla-2020-11-16-a-las-13.11.21-e1612428838722.png\" title=\"Captura de pantalla 2020-11-16 a las 13.11.21\" srcset=\"https:\/\/pre.ceramicaterracuita.com\/wp-content\/uploads\/2021\/02\/Captura-de-pantalla-2020-11-16-a-las-13.11.21-e1612428838722.png 370w, https:\/\/pre.ceramicaterracuita.com\/wp-content\/uploads\/2021\/02\/Captura-de-pantalla-2020-11-16-a-las-13.11.21-e1612428838722-100x100.png 100w, https:\/\/pre.ceramicaterracuita.com\/wp-content\/uploads\/2021\/02\/Captura-de-pantalla-2020-11-16-a-las-13.11.21-e1612428838722-160x160.png 160w, https:\/\/pre.ceramicaterracuita.com\/wp-content\/uploads\/2021\/02\/Captura-de-pantalla-2020-11-16-a-las-13.11.21-e1612428838722-320x323.png 320w\" sizes=\"(max-width: 370px) 100vw, 370px\" \/><\/span><\/div><\/div><\/div><\/div><div  class=\"bt_bb_column col-xl-4 secciontext bt_bb_align_left bt_bb_vertical_align_middle bt_bb_animation_fade_in animate bt_bb_padding_normal\"  data-width=\"4\" data-bt-override-class=\"{}\"><div class=\"bt_bb_column_content\"><div class=\"bt_bb_column_content_inner\"><div class=\"bt_bb_separator bt_bb_bottom_spacing_normal bt_bb_border_style_none\"><\/div><header class=\"bt_bb_headline btInnerRowKeepWidth btMoveRight bt_bb_font_weight_bold bt_bb_color_scheme_5 bt_bb_dash_none bt_bb_size_inherit bt_bb_align_left\" data-bt-override-class=\"{&quot;bt_bb_size_&quot;:{&quot;current_class&quot;:&quot;bt_bb_size_inherit&quot;,&quot;xl&quot;:&quot;inherit&quot;},&quot;bt_bb_align_&quot;:{&quot;current_class&quot;:&quot;bt_bb_align_left&quot;,&quot;xl&quot;:&quot;left&quot;}}\"><h2 class=\"bt_bb_headline_tag\"><span class=\"bt_bb_headline_content\"><span>LES NOSTRES TENDES<\/span><\/span><\/h2><\/header><div class=\"bt_bb_separator bt_bb_bottom_spacing_normal bt_bb_border_style_none\"><\/div><div  class=\"bt_bb_text\" ><h6>Artesan\u00eda i cer\u00e0mica a Mallorca<\/h6>\n<p>A les nostres tendes trobar\u00e0s una gran varietat d&#8217;art\u00edcles de cer\u00e0mica i artesania per decorar la teva llar.<\/p>\n<\/div><div class=\"bt_bb_separator bt_bb_bottom_spacing_normal bt_bb_border_style_none\"><\/div><div class=\"bt_bb_button buttonhome bt_bb_icon_position_left bt_bb_color_scheme_4 bt_bb_style_outline bt_bb_size_small bt_bb_width_inline bt_bb_shape_inherit bt_bb_align_inherit\" data-bt-override-class=\"{&quot;bt_bb_size_&quot;:{&quot;current_class&quot;:&quot;bt_bb_size_small&quot;,&quot;xl&quot;:&quot;small&quot;},&quot;bt_bb_align_&quot;:{&quot;current_class&quot;:&quot;bt_bb_align_inherit&quot;,&quot;xl&quot;:&quot;inherit&quot;}}\"><a href=\"https:\/\/pre.ceramicaterracuita.com\/tiendas\/\" target=\"_self\" class=\"bt_bb_link\" title=\"Veu m\u00e9s\"><span class=\"bt_bb_button_text\">Veu m\u00e9s<\/span><\/a><\/div><div class=\"bt_bb_separator bt_bb_bottom_spacing_normal bt_bb_border_style_none\"><\/div><\/div><\/div><\/div><\/div><\/div><div class=\"bt_bb_row_wrapper\"><div  class=\"bt_bb_row bt_bb_column_gap_0\" ><div  class=\"bt_bb_column col-xl-4 bt_bb_align_center bt_bb_vertical_align_middle bt_bb_animation_fade_in animate bt_bb_padding_normal\"  data-width=\"4\" data-bt-override-class=\"{}\"><div class=\"bt_bb_column_content\"><div class=\"bt_bb_column_content_inner\"><div class=\"bt_bb_image bt_bb_shape_square bt_bb_align_inherit bt_bb_hover_style_simple bt_bb_content_display_always bt_bb_content_align_middle\" data-bt-override-class=\"{}\"><span><img width=\"533\" height=\"533\" src=\"https:\/\/pre.ceramicaterracuita.com\/wp-content\/uploads\/2021\/01\/IMG4_home533px.jpg\" class=\"attachment-full size-full\" alt=\"https:\/\/pre.ceramicaterracuita.com\/wp-content\/uploads\/2021\/01\/IMG4_home533px.jpg\" data-full_image_src=\"https:\/\/pre.ceramicaterracuita.com\/wp-content\/uploads\/2021\/01\/IMG4_home533px.jpg\" title=\"IMG4_home533px\" srcset=\"https:\/\/pre.ceramicaterracuita.com\/wp-content\/uploads\/2021\/01\/IMG4_home533px.jpg 533w, https:\/\/pre.ceramicaterracuita.com\/wp-content\/uploads\/2021\/01\/IMG4_home533px-100x100.jpg 100w, https:\/\/pre.ceramicaterracuita.com\/wp-content\/uploads\/2021\/01\/IMG4_home533px-160x160.jpg 160w, https:\/\/pre.ceramicaterracuita.com\/wp-content\/uploads\/2021\/01\/IMG4_home533px-320x320.jpg 320w, https:\/\/pre.ceramicaterracuita.com\/wp-content\/uploads\/2021\/01\/IMG4_home533px-300x300.jpg 300w\" sizes=\"(max-width: 533px) 100vw, 533px\" \/><\/span><\/div><\/div><\/div><\/div><div  class=\"bt_bb_column col-xl-4 secciontext bt_bb_align_left bt_bb_vertical_align_middle bt_bb_animation_fade_in animate bt_bb_padding_normal\"  data-width=\"4\" data-bt-override-class=\"{}\"><div class=\"bt_bb_column_content\"><div class=\"bt_bb_column_content_inner\"><div class=\"bt_bb_separator bt_bb_bottom_spacing_normal bt_bb_border_style_none\"><\/div><header class=\"bt_bb_headline btInnerRowKeepWidth btMoveRight bt_bb_font_weight_bold bt_bb_color_scheme_5 bt_bb_dash_none bt_bb_size_inherit bt_bb_align_left\" data-bt-override-class=\"{&quot;bt_bb_size_&quot;:{&quot;current_class&quot;:&quot;bt_bb_size_inherit&quot;,&quot;xl&quot;:&quot;inherit&quot;},&quot;bt_bb_align_&quot;:{&quot;current_class&quot;:&quot;bt_bb_align_left&quot;,&quot;xl&quot;:&quot;left&quot;}}\"><h2 class=\"bt_bb_headline_tag\"><span class=\"bt_bb_headline_content\"><span>ELS NOSTRES PRODUCTES<\/span><\/span><\/h2><\/header><div class=\"bt_bb_separator bt_bb_bottom_spacing_normal bt_bb_border_style_none\"><\/div><div  class=\"bt_bb_text\" ><h6>Peces \u00faniques de cer\u00e0mica<\/h6>\n<p style=\"text-align: left;\">El nostre esperit innovador ens porta a crear peces \u00faniques, originals i de marcat car\u00e0cter Mediterrani. Mallorca ens inspira!<\/p>\n<\/div><div class=\"bt_bb_separator bt_bb_bottom_spacing_normal bt_bb_border_style_none\"><\/div><div class=\"bt_bb_button buttonhome bt_bb_icon_position_left bt_bb_color_scheme_4 bt_bb_style_outline bt_bb_size_small bt_bb_width_inline bt_bb_shape_inherit bt_bb_align_inherit\" data-bt-override-class=\"{&quot;bt_bb_size_&quot;:{&quot;current_class&quot;:&quot;bt_bb_size_small&quot;,&quot;xl&quot;:&quot;small&quot;},&quot;bt_bb_align_&quot;:{&quot;current_class&quot;:&quot;bt_bb_align_inherit&quot;,&quot;xl&quot;:&quot;inherit&quot;}}\"><a href=\"https:\/\/pre.ceramicaterracuita.com\/productos\/\" target=\"_self\" class=\"bt_bb_link\" title=\"Veu m\u00e9s\"><span class=\"bt_bb_button_text\">Veu m\u00e9s<\/span><\/a><\/div><div class=\"bt_bb_separator bt_bb_bottom_spacing_normal bt_bb_border_style_none\"><\/div><\/div><\/div><\/div><div  class=\"bt_bb_column col-xl-4 bt_bb_align_center bt_bb_vertical_align_middle bt_bb_animation_fade_in animate bt_bb_padding_normal\"  data-width=\"4\" data-bt-override-class=\"{}\"><div class=\"bt_bb_column_content\"><div class=\"bt_bb_column_content_inner\"><div class=\"bt_bb_image bt_bb_shape_square bt_bb_align_inherit bt_bb_hover_style_simple bt_bb_content_display_always bt_bb_content_align_middle\" data-bt-override-class=\"{}\"><span><img width=\"533\" height=\"533\" src=\"https:\/\/pre.ceramicaterracuita.com\/wp-content\/uploads\/2021\/01\/IMG3_home533px.jpg\" class=\"attachment-full size-full\" alt=\"https:\/\/pre.ceramicaterracuita.com\/wp-content\/uploads\/2021\/01\/IMG3_home533px.jpg\" data-full_image_src=\"https:\/\/pre.ceramicaterracuita.com\/wp-content\/uploads\/2021\/01\/IMG3_home533px.jpg\" title=\"IMG3_home533px\" srcset=\"https:\/\/pre.ceramicaterracuita.com\/wp-content\/uploads\/2021\/01\/IMG3_home533px.jpg 533w, https:\/\/pre.ceramicaterracuita.com\/wp-content\/uploads\/2021\/01\/IMG3_home533px-100x100.jpg 100w, https:\/\/pre.ceramicaterracuita.com\/wp-content\/uploads\/2021\/01\/IMG3_home533px-160x160.jpg 160w, https:\/\/pre.ceramicaterracuita.com\/wp-content\/uploads\/2021\/01\/IMG3_home533px-320x320.jpg 320w, https:\/\/pre.ceramicaterracuita.com\/wp-content\/uploads\/2021\/01\/IMG3_home533px-300x300.jpg 300w\" sizes=\"(max-width: 533px) 100vw, 533px\" \/><\/span><\/div><\/div><\/div><\/div><\/div><\/div><\/div><\/div><\/div><\/section><\/div>","protected":false},"excerpt":{"rendered":"","protected":false},"author":1,"featured_media":0,"parent":0,"menu_order":0,"comment_status":"closed","ping_status":"closed","template":"","meta":[],"_links":{"self":[{"href":"https:\/\/pre.ceramicaterracuita.com\/ca\/wp-json\/wp\/v2\/pages\/4738"}],"collection":[{"href":"https:\/\/pre.ceramicaterracuita.com\/ca\/wp-json\/wp\/v2\/pages"}],"about":[{"href":"https:\/\/pre.ceramicaterracuita.com\/ca\/wp-json\/wp\/v2\/types\/page"}],"author":[{"embeddable":true,"href":"https:\/\/pre.ceramicaterracuita.com\/ca\/wp-json\/wp\/v2\/users\/1"}],"replies":[{"embeddable":true,"href":"https:\/\/pre.ceramicaterracuita.com\/ca\/wp-json\/wp\/v2\/comments?post=4738"}],"version-history":[{"count":11,"href":"https:\/\/pre.ceramicaterracuita.com\/ca\/wp-json\/wp\/v2\/pages\/4738\/revisions"}],"predecessor-version":[{"id":4815,"href":"https:\/\/pre.ceramicaterracuita.com\/ca\/wp-json\/wp\/v2\/pages\/4738\/revisions\/4815"}],"wp:attachment":[{"href":"https:\/\/pre.ceramicaterracuita.com\/ca\/wp-json\/wp\/v2\/media?parent=4738"}],"curies":[{"name":"wp","href":"https:\/\/api.w.org\/{rel}","templated":true}]}}